{"id":34597,"date":"2024-04-24T15:14:03","date_gmt":"2024-04-24T13:14:03","guid":{"rendered":"https:\/\/shop.eternalyouth.ch\/produkt\/pro-bond-primaire-sans-acide\/"},"modified":"2025-04-28T10:19:57","modified_gmt":"2025-04-28T08:19:57","slug":"pro-bond-primaire-sans-acide","status":"publish","type":"product","link":"https:\/\/shop.eternalyouth.ch\/fr\/produkt\/pro-bond-primaire-sans-acide\/","title":{"rendered":"Pro Bond &#8211; Acid Free Primer 15ml"},"content":{"rendered":"","protected":false},"excerpt":{"rendered":"<p>Libra Nails Lab \u00ab\u00a0Pro Bond\u00a0\u00bb est un pr\u00e9parateur de 15 ml.<\/p>\n<p>C&rsquo;est un PRIMER NON ACIDE qui pr\u00e9pare l&rsquo;ongle au traitement en optimisant la dur\u00e9e de la reconstruction, que vous utilisiez du semi-permanent, de l&rsquo;acrylique ou nos Insta Nail Tips. S\u00e9cher \u00e0 l&rsquo;air libre et laisser une fine couche collante.<\/p>\n","protected":false},"featured_media":32342,"comment_status":"open","ping_status":"closed","template":"","meta":{"_acf_changed":false,"site-sidebar-layout":"default","site-content-layout":"","ast-site-content-layout":"default","site-content-style":"default","site-sidebar-style":"default","ast-global-header-display":"","ast-banner-title-visibility":"","ast-main-header-display":"","ast-hfb-above-header-display":"","ast-hfb-below-header-display":"","ast-hfb-mobile-header-display":"","site-post-title":"","ast-breadcrumbs-content":"","ast-featured-img":"","footer-sml-layout":"","theme-transparent-header-meta":"default","adv-header-id-meta":"","stick-header-meta":"default","header-above-stick-meta":"","header-main-stick-meta":"","header-below-stick-meta":"","astra-migrate-meta-layouts":"set","ast-page-background-enabled":"default","ast-page-background-meta":{"desktop":{"background-color":"","background-image":"","background-repeat":"repeat","background-position":"center center","background-size":"auto","background-attachment":"scroll","background-type":"","background-media":"","overlay-type":"","overlay-color":"","overlay-opacity":"","overlay-gradient":""},"tablet":{"background-color":"","background-image":"","background-repeat":"repeat","background-position":"center center","background-size":"auto","background-attachment":"scroll","background-type":"","background-media":"","overlay-type":"","overlay-color":"","overlay-opacity":"","overlay-gradient":""},"mobile":{"background-color":"","background-image":"","background-repeat":"repeat","background-position":"center center","background-size":"auto","background-attachment":"scroll","background-type":"","background-media":"","overlay-type":"","overlay-color":"","overlay-opacity":"","overlay-gradient":""}},"ast-content-background-meta":{"desktop":{"background-color":"var(--ast-global-color-5)","background-image":"","background-repeat":"repeat","background-position":"center center","background-size":"auto","background-attachment":"scroll","background-type":"","background-media":"","overlay-type":"","overlay-color":"","overlay-opacity":"","overlay-gradient":""},"tablet":{"background-color":"var(--ast-global-color-5)","background-image":"","background-repeat":"repeat","background-position":"center center","background-size":"auto","background-attachment":"scroll","background-type":"","background-media":"","overlay-type":"","overlay-color":"","overlay-opacity":"","overlay-gradient":""},"mobile":{"background-color":"var(--ast-global-color-5)","background-image":"","background-repeat":"repeat","background-position":"center center","background-size":"auto","background-attachment":"scroll","background-type":"","background-media":"","overlay-type":"","overlay-color":"","overlay-opacity":"","overlay-gradient":""}}},"product_brand":[],"product_cat":[218,194],"product_tag":[],"class_list":{"0":"post-34597","1":"product","2":"type-product","3":"status-publish","4":"has-post-thumbnail","6":"product_cat-fond-de-teint-et-preparation-des-ongles","7":"product_cat-libra-nails-lab","8":"desktop-align-left","9":"tablet-align-left","10":"mobile-align-left","11":"ast-product-gallery-layout-vertical","12":"ast-product-gallery-with-no-image","13":"ast-product-tabs-layout-horizontal","14":"ast-qv-on-image","16":"first","17":"instock","18":"taxable","19":"shipping-taxable","20":"purchasable","21":"product-type-simple"},"acf":[],"_links":{"self":[{"href":"https:\/\/shop.eternalyouth.ch\/fr\/wp-json\/wp\/v2\/product\/34597","targetHints":{"allow":["GET"]}}],"collection":[{"href":"https:\/\/shop.eternalyouth.ch\/fr\/wp-json\/wp\/v2\/product"}],"about":[{"href":"https:\/\/shop.eternalyouth.ch\/fr\/wp-json\/wp\/v2\/types\/product"}],"replies":[{"embeddable":true,"href":"https:\/\/shop.eternalyouth.ch\/fr\/wp-json\/wp\/v2\/comments?post=34597"}],"wp:featuredmedia":[{"embeddable":true,"href":"https:\/\/shop.eternalyouth.ch\/fr\/wp-json\/wp\/v2\/media\/32342"}],"wp:attachment":[{"href":"https:\/\/shop.eternalyouth.ch\/fr\/wp-json\/wp\/v2\/media?parent=34597"}],"wp:term":[{"taxonomy":"product_brand","embeddable":true,"href":"https:\/\/shop.eternalyouth.ch\/fr\/wp-json\/wp\/v2\/product_brand?post=34597"},{"taxonomy":"product_cat","embeddable":true,"href":"https:\/\/shop.eternalyouth.ch\/fr\/wp-json\/wp\/v2\/product_cat?post=34597"},{"taxonomy":"product_tag","embeddable":true,"href":"https:\/\/shop.eternalyouth.ch\/fr\/wp-json\/wp\/v2\/product_tag?post=34597"}],"curies":[{"name":"wp","href":"https:\/\/api.w.org\/{rel}","templated":true}]}}