{"id":34554,"date":"2021-08-03T14:46:55","date_gmt":"2021-08-03T12:46:55","guid":{"rendered":"https:\/\/shop.eternalyouth.ch\/produkt\/smart-lampe-lampe-a-led-48w\/"},"modified":"2021-08-03T14:46:55","modified_gmt":"2021-08-03T12:46:55","slug":"smart-lampe-lampe-a-led-48w","status":"publish","type":"product","link":"https:\/\/shop.eternalyouth.ch\/fr\/produkt\/smart-lampe-lampe-a-led-48w\/","title":{"rendered":"SMART LAMPE &#8211; Lampe \u00e0 Led 48W"},"content":{"rendered":"<div class=\"product-block\">\n<div class=\"rte\">\n<p class=\"cvGsUA direction-ltr align-center para-style-body\"><span class=\"OYPEnA text-decoration-none text-strikethrough-none\">La SMART LAMPE LED est l&rsquo;accessoire parfait pour ajouter une touche d&rsquo;\u00e9l\u00e9gance \u00e0 votre espace de travail. Gr\u00e2ce \u00e0 sa technologie LED avanc\u00e9e et \u00e0 sa facilit\u00e9 d&rsquo;utilisation, cette lampe intelligente offre un \u00e9clairage optimal pour des manucures de qualit\u00e9 !   <\/span><\/p>\n<p class=\"cvGsUA direction-ltr align-center para-style-body\">N&rsquo;attendez plus pour \u00e9clairer vos s\u00e9ances de beaut\u00e9 avec la SMART LAMP LED !<\/p>\n<p class=\"cvGsUA align-center para-style-body direction-ltr\">Options :<\/p>\n<ul>\n<li class=\"cvGsUA align-center para-style-body direction-ltr\">48W<\/li>\n<li class=\"cvGsUA align-center para-style-body direction-ltr\">36 LED<\/li>\n<li class=\"cvGsUA align-center para-style-body direction-ltr\">3 modes : 30 sec, 60 sec, Low Heat 99 sec<\/li>\n<li class=\"cvGsUA align-center para-style-body direction-ltr\">Grand espace pour les mains<\/li>\n<li class=\"cvGsUA align-center para-style-body direction-ltr\">Lumi\u00e8re inoffensive<\/li>\n<li class=\"cvGsUA align-center para-style-body direction-ltr\">Prot\u00e8ge les yeux<\/li>\n<\/ul>\n<\/div>\n<\/div>\n","protected":false},"excerpt":{"rendered":"<p>SMART LAMPE &#8211; Lampe LED 48W<\/p>\n","protected":false},"featured_media":32148,"comment_status":"open","ping_status":"closed","template":"","meta":{"_acf_changed":false,"site-sidebar-layout":"default","site-content-layout":"default","ast-site-content-layout":"","site-content-style":"default","site-sidebar-style":"default","ast-global-header-display":"","ast-banner-title-visibility":"","ast-main-header-display":"","ast-hfb-above-header-display":"","ast-hfb-below-header-display":"","ast-hfb-mobile-header-display":"","site-post-title":"","ast-breadcrumbs-content":"","ast-featured-img":"","footer-sml-layout":"","theme-transparent-header-meta":"default","adv-header-id-meta":"","stick-header-meta":"default","header-above-stick-meta":"","header-main-stick-meta":"","header-below-stick-meta":"","astra-migrate-meta-layouts":"default","ast-page-background-enabled":"default","ast-page-background-meta":{"desktop":{"background-color":"","background-image":"","background-repeat":"repeat","background-position":"center center","background-size":"auto","background-attachment":"scroll","background-type":"","background-media":"","overlay-type":"","overlay-color":"","overlay-opacity":"","overlay-gradient":""},"tablet":{"background-color":"","background-image":"","background-repeat":"repeat","background-position":"center center","background-size":"auto","background-attachment":"scroll","background-type":"","background-media":"","overlay-type":"","overlay-color":"","overlay-opacity":"","overlay-gradient":""},"mobile":{"background-color":"","background-image":"","background-repeat":"repeat","background-position":"center center","background-size":"auto","background-attachment":"scroll","background-type":"","background-media":"","overlay-type":"","overlay-color":"","overlay-opacity":"","overlay-gradient":""}},"ast-content-background-meta":{"desktop":{"background-color":"var(--ast-global-color-5)","background-image":"","background-repeat":"repeat","background-position":"center center","background-size":"auto","background-attachment":"scroll","background-type":"","background-media":"","overlay-type":"","overlay-color":"","overlay-opacity":"","overlay-gradient":""},"tablet":{"background-color":"var(--ast-global-color-5)","background-image":"","background-repeat":"repeat","background-position":"center center","background-size":"auto","background-attachment":"scroll","background-type":"","background-media":"","overlay-type":"","overlay-color":"","overlay-opacity":"","overlay-gradient":""},"mobile":{"background-color":"var(--ast-global-color-5)","background-image":"","background-repeat":"repeat","background-position":"center center","background-size":"auto","background-attachment":"scroll","background-type":"","background-media":"","overlay-type":"","overlay-color":"","overlay-opacity":"","overlay-gradient":""}}},"product_brand":[],"product_cat":[222],"product_tag":[],"class_list":{"0":"post-34554","1":"product","2":"type-product","3":"status-publish","4":"has-post-thumbnail","6":"product_cat-lampes-led-uv","7":"desktop-align-left","8":"tablet-align-left","9":"mobile-align-left","10":"ast-product-gallery-layout-vertical","11":"ast-product-tabs-layout-horizontal","12":"ast-qv-on-image","14":"first","15":"instock","16":"taxable","17":"shipping-taxable","18":"purchasable","19":"product-type-simple"},"acf":[],"_links":{"self":[{"href":"https:\/\/shop.eternalyouth.ch\/fr\/wp-json\/wp\/v2\/product\/34554","targetHints":{"allow":["GET"]}}],"collection":[{"href":"https:\/\/shop.eternalyouth.ch\/fr\/wp-json\/wp\/v2\/product"}],"about":[{"href":"https:\/\/shop.eternalyouth.ch\/fr\/wp-json\/wp\/v2\/types\/product"}],"replies":[{"embeddable":true,"href":"https:\/\/shop.eternalyouth.ch\/fr\/wp-json\/wp\/v2\/comments?post=34554"}],"wp:featuredmedia":[{"embeddable":true,"href":"https:\/\/shop.eternalyouth.ch\/fr\/wp-json\/wp\/v2\/media\/32148"}],"wp:attachment":[{"href":"https:\/\/shop.eternalyouth.ch\/fr\/wp-json\/wp\/v2\/media?parent=34554"}],"wp:term":[{"taxonomy":"product_brand","embeddable":true,"href":"https:\/\/shop.eternalyouth.ch\/fr\/wp-json\/wp\/v2\/product_brand?post=34554"},{"taxonomy":"product_cat","embeddable":true,"href":"https:\/\/shop.eternalyouth.ch\/fr\/wp-json\/wp\/v2\/product_cat?post=34554"},{"taxonomy":"product_tag","embeddable":true,"href":"https:\/\/shop.eternalyouth.ch\/fr\/wp-json\/wp\/v2\/product_tag?post=34554"}],"curies":[{"name":"wp","href":"https:\/\/api.w.org\/{rel}","templated":true}]}}