{"id":34533,"date":"2024-05-22T10:19:30","date_gmt":"2024-05-22T08:19:30","guid":{"rendered":"https:\/\/shop.eternalyouth.ch\/produkt\/base-plastique-pour-limes-papmam-jetables-droites-expert-20\/"},"modified":"2024-05-22T10:19:30","modified_gmt":"2024-05-22T08:19:30","slug":"base-plastique-pour-limes-papmam-jetables-droites-expert-20","status":"publish","type":"product","link":"https:\/\/shop.eternalyouth.ch\/fr\/produkt\/base-plastique-pour-limes-papmam-jetables-droites-expert-20\/","title":{"rendered":"Base plastique pour limes Papmam jetables (droites) EXPERT 20"},"content":{"rendered":"","protected":false},"excerpt":{"rendered":"<ul>\n<li>Base de lime \u00e0 ongles en plastique pour limes jetables<\/li>\n<li>Utilis\u00e9 comme base pour les limes \u00e0 aff\u00fbter papmAm, les limes \u00e0 coller droites et les limes jetables dans un \u00e9tui en plastique Bobbinail<\/li>\n<li>Taille de la base 162*19 mm<\/li>\n<li>L\u00e9ger et pratique \u00e0 utiliser<\/li>\n<li>Pour effectuer une manucure et une p\u00e9dicure en toute s\u00e9curit\u00e9, minimise la possibilit\u00e9 d&rsquo;infection.<\/li>\n<li>Le c\u00f4t\u00e9 convexe est recommand\u00e9 pour polir les plis lat\u00e9raux des ongles et pour traiter les callosit\u00e9s des orteils.<\/li>\n<li>Le c\u00f4t\u00e9 droit pour limer la forme et former le bord libre de l&rsquo;ongle<\/li>\n<li>Fabriqu\u00e9 en plastique haute r\u00e9sistance<\/li>\n<li>Peut \u00eatre d\u00e9sinfect\u00e9 avec des solutions appropri\u00e9es<\/li>\n<li>Peut \u00eatre st\u00e9rilis\u00e9 \u00e0 froid dans une solution sp\u00e9ciale8\/-<\/li>\n<\/ul>\n<p><strong>IMPORTANT !<\/strong>  Ne peut pas \u00eatre st\u00e9rilis\u00e9 dans un four \u00e0 chaleur s\u00e8che ou dans un autoclave.<\/p>\n","protected":false},"featured_media":33022,"comment_status":"open","ping_status":"closed","template":"","meta":{"_acf_changed":false,"site-sidebar-layout":"default","site-content-layout":"","ast-site-content-layout":"","site-content-style":"default","site-sidebar-style":"default","ast-global-header-display":"","ast-banner-title-visibility":"","ast-main-header-display":"","ast-hfb-above-header-display":"","ast-hfb-below-header-display":"","ast-hfb-mobile-header-display":"","site-post-title":"","ast-breadcrumbs-content":"","ast-featured-img":"","footer-sml-layout":"","theme-transparent-header-meta":"default","adv-header-id-meta":"","stick-header-meta":"default","header-above-stick-meta":"","header-main-stick-meta":"","header-below-stick-meta":"","astra-migrate-meta-layouts":"default","ast-page-background-enabled":"default","ast-page-background-meta":{"desktop":{"background-color":"","background-image":"","background-repeat":"repeat","background-position":"center center","background-size":"auto","background-attachment":"scroll","background-type":"","background-media":"","overlay-type":"","overlay-color":"","overlay-opacity":"","overlay-gradient":""},"tablet":{"background-color":"","background-image":"","background-repeat":"repeat","background-position":"center center","background-size":"auto","background-attachment":"scroll","background-type":"","background-media":"","overlay-type":"","overlay-color":"","overlay-opacity":"","overlay-gradient":""},"mobile":{"background-color":"","background-image":"","background-repeat":"repeat","background-position":"center center","background-size":"auto","background-attachment":"scroll","background-type":"","background-media":"","overlay-type":"","overlay-color":"","overlay-opacity":"","overlay-gradient":""}},"ast-content-background-meta":{"desktop":{"background-color":"var(--ast-global-color-5)","background-image":"","background-repeat":"repeat","background-position":"center center","background-size":"auto","background-attachment":"scroll","background-type":"","background-media":"","overlay-type":"","overlay-color":"","overlay-opacity":"","overlay-gradient":""},"tablet":{"background-color":"var(--ast-global-color-5)","background-image":"","background-repeat":"repeat","background-position":"center center","background-size":"auto","background-attachment":"scroll","background-type":"","background-media":"","overlay-type":"","overlay-color":"","overlay-opacity":"","overlay-gradient":""},"mobile":{"background-color":"var(--ast-global-color-5)","background-image":"","background-repeat":"repeat","background-position":"center center","background-size":"auto","background-attachment":"scroll","background-type":"","background-media":"","overlay-type":"","overlay-color":"","overlay-opacity":"","overlay-gradient":""}}},"product_brand":[],"product_cat":[179,177],"product_tag":[],"class_list":{"0":"post-34533","1":"product","2":"type-product","3":"status-publish","4":"has-post-thumbnail","6":"product_cat-limes-limes-de-rechange","7":"product_cat-staleks-fr","8":"desktop-align-left","9":"tablet-align-left","10":"mobile-align-left","11":"ast-product-gallery-layout-vertical","12":"ast-product-tabs-layout-horizontal","13":"ast-qv-on-image","15":"first","16":"instock","17":"taxable","18":"shipping-taxable","19":"purchasable","20":"product-type-simple"},"acf":[],"_links":{"self":[{"href":"https:\/\/shop.eternalyouth.ch\/fr\/wp-json\/wp\/v2\/product\/34533","targetHints":{"allow":["GET"]}}],"collection":[{"href":"https:\/\/shop.eternalyouth.ch\/fr\/wp-json\/wp\/v2\/product"}],"about":[{"href":"https:\/\/shop.eternalyouth.ch\/fr\/wp-json\/wp\/v2\/types\/product"}],"replies":[{"embeddable":true,"href":"https:\/\/shop.eternalyouth.ch\/fr\/wp-json\/wp\/v2\/comments?post=34533"}],"wp:featuredmedia":[{"embeddable":true,"href":"https:\/\/shop.eternalyouth.ch\/fr\/wp-json\/wp\/v2\/media\/33022"}],"wp:attachment":[{"href":"https:\/\/shop.eternalyouth.ch\/fr\/wp-json\/wp\/v2\/media?parent=34533"}],"wp:term":[{"taxonomy":"product_brand","embeddable":true,"href":"https:\/\/shop.eternalyouth.ch\/fr\/wp-json\/wp\/v2\/product_brand?post=34533"},{"taxonomy":"product_cat","embeddable":true,"href":"https:\/\/shop.eternalyouth.ch\/fr\/wp-json\/wp\/v2\/product_cat?post=34533"},{"taxonomy":"product_tag","embeddable":true,"href":"https:\/\/shop.eternalyouth.ch\/fr\/wp-json\/wp\/v2\/product_tag?post=34533"}],"curies":[{"name":"wp","href":"https:\/\/api.w.org\/{rel}","templated":true}]}}