{"id":34523,"date":"2024-04-26T13:52:28","date_gmt":"2024-04-26T11:52:28","guid":{"rendered":"https:\/\/shop.eternalyouth.ch\/produkt\/winter-flower-vernis-en-gel\/"},"modified":"2025-04-28T06:43:42","modified_gmt":"2025-04-28T04:43:42","slug":"winter-flower-vernis-en-gel","status":"publish","type":"product","link":"https:\/\/shop.eternalyouth.ch\/fr\/produkt\/winter-flower-vernis-en-gel\/","title":{"rendered":"\u00ab\u00a0Winter Flower\u00a0\u00bb &#8211; HEMA FREE Gel Polish 15ml"},"content":{"rendered":"","protected":false},"excerpt":{"rendered":"<p>\u00ab\u00a0Winter Flower\u00a0\u00bb est un produit semi-permanent de 15 ml dans une nuance de bleu clair inspir\u00e9e par le jasmin bleu et les perce-neige lilas, les premi\u00e8res fleurs \u00e0 appara\u00eetre dans la neige \u00e0 la fin de l&rsquo;hiver.<\/p>\n","protected":false},"featured_media":32678,"comment_status":"open","ping_status":"closed","template":"","meta":{"_acf_changed":false,"site-sidebar-layout":"default","site-content-layout":"","ast-site-content-layout":"default","site-content-style":"default","site-sidebar-style":"default","ast-global-header-display":"","ast-banner-title-visibility":"","ast-main-header-display":"","ast-hfb-above-header-display":"","ast-hfb-below-header-display":"","ast-hfb-mobile-header-display":"","site-post-title":"","ast-breadcrumbs-content":"","ast-featured-img":"","footer-sml-layout":"","theme-transparent-header-meta":"default","adv-header-id-meta":"","stick-header-meta":"default","header-above-stick-meta":"","header-main-stick-meta":"","header-below-stick-meta":"","astra-migrate-meta-layouts":"set","ast-page-background-enabled":"default","ast-page-background-meta":{"desktop":{"background-color":"","background-image":"","background-repeat":"repeat","background-position":"center center","background-size":"auto","background-attachment":"scroll","background-type":"","background-media":"","overlay-type":"","overlay-color":"","overlay-opacity":"","overlay-gradient":""},"tablet":{"background-color":"","background-image":"","background-repeat":"repeat","background-position":"center center","background-size":"auto","background-attachment":"scroll","background-type":"","background-media":"","overlay-type":"","overlay-color":"","overlay-opacity":"","overlay-gradient":""},"mobile":{"background-color":"","background-image":"","background-repeat":"repeat","background-position":"center center","background-size":"auto","background-attachment":"scroll","background-type":"","background-media":"","overlay-type":"","overlay-color":"","overlay-opacity":"","overlay-gradient":""}},"ast-content-background-meta":{"desktop":{"background-color":"var(--ast-global-color-5)","background-image":"","background-repeat":"repeat","background-position":"center center","background-size":"auto","background-attachment":"scroll","background-type":"","background-media":"","overlay-type":"","overlay-color":"","overlay-opacity":"","overlay-gradient":""},"tablet":{"background-color":"var(--ast-global-color-5)","background-image":"","background-repeat":"repeat","background-position":"center center","background-size":"auto","background-attachment":"scroll","background-type":"","background-media":"","overlay-type":"","overlay-color":"","overlay-opacity":"","overlay-gradient":""},"mobile":{"background-color":"var(--ast-global-color-5)","background-image":"","background-repeat":"repeat","background-position":"center center","background-size":"auto","background-attachment":"scroll","background-type":"","background-media":"","overlay-type":"","overlay-color":"","overlay-opacity":"","overlay-gradient":""}}},"product_brand":[],"product_cat":[194,195],"product_tag":[],"class_list":{"0":"post-34523","1":"product","2":"type-product","3":"status-publish","4":"has-post-thumbnail","6":"product_cat-libra-nails-lab","7":"product_cat-vernis-gel","8":"desktop-align-left","9":"tablet-align-left","10":"mobile-align-left","11":"ast-product-gallery-layout-vertical","12":"ast-product-tabs-layout-horizontal","13":"ast-qv-on-image","15":"first","16":"instock","17":"taxable","18":"shipping-taxable","19":"purchasable","20":"product-type-simple"},"acf":[],"_links":{"self":[{"href":"https:\/\/shop.eternalyouth.ch\/fr\/wp-json\/wp\/v2\/product\/34523","targetHints":{"allow":["GET"]}}],"collection":[{"href":"https:\/\/shop.eternalyouth.ch\/fr\/wp-json\/wp\/v2\/product"}],"about":[{"href":"https:\/\/shop.eternalyouth.ch\/fr\/wp-json\/wp\/v2\/types\/product"}],"replies":[{"embeddable":true,"href":"https:\/\/shop.eternalyouth.ch\/fr\/wp-json\/wp\/v2\/comments?post=34523"}],"wp:featuredmedia":[{"embeddable":true,"href":"https:\/\/shop.eternalyouth.ch\/fr\/wp-json\/wp\/v2\/media\/32678"}],"wp:attachment":[{"href":"https:\/\/shop.eternalyouth.ch\/fr\/wp-json\/wp\/v2\/media?parent=34523"}],"wp:term":[{"taxonomy":"product_brand","embeddable":true,"href":"https:\/\/shop.eternalyouth.ch\/fr\/wp-json\/wp\/v2\/product_brand?post=34523"},{"taxonomy":"product_cat","embeddable":true,"href":"https:\/\/shop.eternalyouth.ch\/fr\/wp-json\/wp\/v2\/product_cat?post=34523"},{"taxonomy":"product_tag","embeddable":true,"href":"https:\/\/shop.eternalyouth.ch\/fr\/wp-json\/wp\/v2\/product_tag?post=34523"}],"curies":[{"name":"wp","href":"https:\/\/api.w.org\/{rel}","templated":true}]}}