{"id":34481,"date":"2024-04-25T05:41:37","date_gmt":"2024-04-25T03:41:37","guid":{"rendered":"https:\/\/shop.eternalyouth.ch\/produkt\/confiture-vernis-gel\/"},"modified":"2025-04-28T07:57:59","modified_gmt":"2025-04-28T05:57:59","slug":"confiture-vernis-gel","status":"publish","type":"product","link":"https:\/\/shop.eternalyouth.ch\/fr\/produkt\/confiture-vernis-gel\/","title":{"rendered":"\u00ab\u00a0Marmelade\u00a0\u00bb &#8211; HEMA FREE Gel Polish 15ml"},"content":{"rendered":"","protected":false},"excerpt":{"rendered":"<p>Une douce confiture de p\u00eaches et d&rsquo;abricots tartin\u00e9e sur une tranche de pain grill\u00e9, d\u00e9gust\u00e9e sur une pelouse lors d&rsquo;un pique-nique. Lorsque nous avons cr\u00e9\u00e9 le Gel Semi-Permanent \u00ab Marmelade \u00bb, nous nous sommes laiss\u00e9s guider par cette image.<br \/>\nLa couleur est une nuance de p\u00eache d\u00e9licate.<\/p>\n","protected":false},"featured_media":32460,"comment_status":"open","ping_status":"closed","template":"","meta":{"_acf_changed":false,"site-sidebar-layout":"default","site-content-layout":"","ast-site-content-layout":"default","site-content-style":"default","site-sidebar-style":"default","ast-global-header-display":"","ast-banner-title-visibility":"","ast-main-header-display":"","ast-hfb-above-header-display":"","ast-hfb-below-header-display":"","ast-hfb-mobile-header-display":"","site-post-title":"","ast-breadcrumbs-content":"","ast-featured-img":"","footer-sml-layout":"","theme-transparent-header-meta":"default","adv-header-id-meta":"","stick-header-meta":"default","header-above-stick-meta":"","header-main-stick-meta":"","header-below-stick-meta":"","astra-migrate-meta-layouts":"set","ast-page-background-enabled":"default","ast-page-background-meta":{"desktop":{"background-color":"","background-image":"","background-repeat":"repeat","background-position":"center center","background-size":"auto","background-attachment":"scroll","background-type":"","background-media":"","overlay-type":"","overlay-color":"","overlay-opacity":"","overlay-gradient":""},"tablet":{"background-color":"","background-image":"","background-repeat":"repeat","background-position":"center center","background-size":"auto","background-attachment":"scroll","background-type":"","background-media":"","overlay-type":"","overlay-color":"","overlay-opacity":"","overlay-gradient":""},"mobile":{"background-color":"","background-image":"","background-repeat":"repeat","background-position":"center center","background-size":"auto","background-attachment":"scroll","background-type":"","background-media":"","overlay-type":"","overlay-color":"","overlay-opacity":"","overlay-gradient":""}},"ast-content-background-meta":{"desktop":{"background-color":"var(--ast-global-color-5)","background-image":"","background-repeat":"repeat","background-position":"center center","background-size":"auto","background-attachment":"scroll","background-type":"","background-media":"","overlay-type":"","overlay-color":"","overlay-opacity":"","overlay-gradient":""},"tablet":{"background-color":"var(--ast-global-color-5)","background-image":"","background-repeat":"repeat","background-position":"center center","background-size":"auto","background-attachment":"scroll","background-type":"","background-media":"","overlay-type":"","overlay-color":"","overlay-opacity":"","overlay-gradient":""},"mobile":{"background-color":"var(--ast-global-color-5)","background-image":"","background-repeat":"repeat","background-position":"center center","background-size":"auto","background-attachment":"scroll","background-type":"","background-media":"","overlay-type":"","overlay-color":"","overlay-opacity":"","overlay-gradient":""}}},"product_brand":[],"product_cat":[194,195],"product_tag":[],"class_list":{"0":"post-34481","1":"product","2":"type-product","3":"status-publish","4":"has-post-thumbnail","6":"product_cat-libra-nails-lab","7":"product_cat-vernis-gel","8":"desktop-align-left","9":"tablet-align-left","10":"mobile-align-left","11":"ast-product-gallery-layout-vertical","12":"ast-product-tabs-layout-horizontal","13":"ast-qv-on-image","15":"first","16":"instock","17":"taxable","18":"shipping-taxable","19":"purchasable","20":"product-type-simple"},"acf":[],"_links":{"self":[{"href":"https:\/\/shop.eternalyouth.ch\/fr\/wp-json\/wp\/v2\/product\/34481","targetHints":{"allow":["GET"]}}],"collection":[{"href":"https:\/\/shop.eternalyouth.ch\/fr\/wp-json\/wp\/v2\/product"}],"about":[{"href":"https:\/\/shop.eternalyouth.ch\/fr\/wp-json\/wp\/v2\/types\/product"}],"replies":[{"embeddable":true,"href":"https:\/\/shop.eternalyouth.ch\/fr\/wp-json\/wp\/v2\/comments?post=34481"}],"wp:featuredmedia":[{"embeddable":true,"href":"https:\/\/shop.eternalyouth.ch\/fr\/wp-json\/wp\/v2\/media\/32460"}],"wp:attachment":[{"href":"https:\/\/shop.eternalyouth.ch\/fr\/wp-json\/wp\/v2\/media?parent=34481"}],"wp:term":[{"taxonomy":"product_brand","embeddable":true,"href":"https:\/\/shop.eternalyouth.ch\/fr\/wp-json\/wp\/v2\/product_brand?post=34481"},{"taxonomy":"product_cat","embeddable":true,"href":"https:\/\/shop.eternalyouth.ch\/fr\/wp-json\/wp\/v2\/product_cat?post=34481"},{"taxonomy":"product_tag","embeddable":true,"href":"https:\/\/shop.eternalyouth.ch\/fr\/wp-json\/wp\/v2\/product_tag?post=34481"}],"curies":[{"name":"wp","href":"https:\/\/api.w.org\/{rel}","templated":true}]}}