{"id":34431,"date":"2024-05-22T14:13:10","date_gmt":"2024-05-22T12:13:10","guid":{"rendered":"https:\/\/shop.eternalyouth.ch\/produkt\/bande-abrasive-jetable-rouleau-grain-180-papmam-expert\/"},"modified":"2024-05-22T14:13:10","modified_gmt":"2024-05-22T12:13:10","slug":"bande-abrasive-jetable-rouleau-grain-180-papmam-expert","status":"publish","type":"product","link":"https:\/\/shop.eternalyouth.ch\/fr\/produkt\/bande-abrasive-jetable-rouleau-grain-180-papmam-expert\/","title":{"rendered":"Bande abrasive jetable (rouleau, grain 180) PapmAm EXPERT"},"content":{"rendered":"<p>\u00c0 quoi servent les diff\u00e9rents grains ?<\/p>\n<ul>\n<li>Le grain 100 est destin\u00e9 \u00e0 donner de la longueur et de la forme aux ongles artificiels. Le grain 150 est destin\u00e9 \u00e0 limer la longueur et l&rsquo;\u00e9paisseur ainsi qu&rsquo;\u00e0 la finition des ongles artificiels. Le grain 180 est destin\u00e9 \u00e0 la correction et \u00e0 la mise en forme des ongles naturels et artificiels. Le grain 240 est destin\u00e9 au polissage et au limage des ongles naturels et artificiels afin de les pr\u00e9parer pour le rev\u00eatement.   <\/li>\n<\/ul>\n","protected":false},"excerpt":{"rendered":"<div class=\"tab-popup-content\">\n<ul>\n<li>Limes \u00e0 usage unique sous forme de bandes dans un bo\u00eetier en plastique<\/li>\n<li>Les limes PapmAm sont plac\u00e9es sur la lime de base (manche) comme un rev\u00eatement.<\/li>\n<li>Les bords souples de la lime jetable sont fabriqu\u00e9s en papier raphia et prot\u00e8gent la peau du client.<\/li>\n<li>Permettent de mesurer la longueur de la poign\u00e9e<\/li>\n<li>Un rev\u00eatement sp\u00e9cial emp\u00eache les particules de poussi\u00e8re organique d&rsquo;obstruer l&rsquo;abrasif pendant l&rsquo;utilisation.<\/li>\n<li>Le bo\u00eetier en plastique \u00e9l\u00e9gant prot\u00e8ge la bande abrasive contre les salissures et les dommages. Pince sp\u00e9ciale pour faciliter la s\u00e9paration de la bande abrasive. <\/li>\n<li>Convient pour les mod\u00e8les MBE-20, MBE-20s, SPBE-20, SPBE-20s, WBE-20. Usage unique. Pour la manucure et la p\u00e9dicure. <\/li>\n<li>Longueur de la bande abrasive &#8211; 7 m\u00e8tres.<\/li>\n<\/ul>\n<\/div>\n","protected":false},"featured_media":33070,"comment_status":"open","ping_status":"closed","template":"","meta":{"_acf_changed":false,"site-sidebar-layout":"default","site-content-layout":"","ast-site-content-layout":"","site-content-style":"default","site-sidebar-style":"default","ast-global-header-display":"","ast-banner-title-visibility":"","ast-main-header-display":"","ast-hfb-above-header-display":"","ast-hfb-below-header-display":"","ast-hfb-mobile-header-display":"","site-post-title":"","ast-breadcrumbs-content":"","ast-featured-img":"","footer-sml-layout":"","theme-transparent-header-meta":"default","adv-header-id-meta":"","stick-header-meta":"default","header-above-stick-meta":"","header-main-stick-meta":"","header-below-stick-meta":"","astra-migrate-meta-layouts":"default","ast-page-background-enabled":"default","ast-page-background-meta":{"desktop":{"background-color":"","background-image":"","background-repeat":"repeat","background-position":"center center","background-size":"auto","background-attachment":"scroll","background-type":"","background-media":"","overlay-type":"","overlay-color":"","overlay-opacity":"","overlay-gradient":""},"tablet":{"background-color":"","background-image":"","background-repeat":"repeat","background-position":"center center","background-size":"auto","background-attachment":"scroll","background-type":"","background-media":"","overlay-type":"","overlay-color":"","overlay-opacity":"","overlay-gradient":""},"mobile":{"background-color":"","background-image":"","background-repeat":"repeat","background-position":"center center","background-size":"auto","background-attachment":"scroll","background-type":"","background-media":"","overlay-type":"","overlay-color":"","overlay-opacity":"","overlay-gradient":""}},"ast-content-background-meta":{"desktop":{"background-color":"var(--ast-global-color-5)","background-image":"","background-repeat":"repeat","background-position":"center center","background-size":"auto","background-attachment":"scroll","background-type":"","background-media":"","overlay-type":"","overlay-color":"","overlay-opacity":"","overlay-gradient":""},"tablet":{"background-color":"var(--ast-global-color-5)","background-image":"","background-repeat":"repeat","background-position":"center center","background-size":"auto","background-attachment":"scroll","background-type":"","background-media":"","overlay-type":"","overlay-color":"","overlay-opacity":"","overlay-gradient":""},"mobile":{"background-color":"var(--ast-global-color-5)","background-image":"","background-repeat":"repeat","background-position":"center center","background-size":"auto","background-attachment":"scroll","background-type":"","background-media":"","overlay-type":"","overlay-color":"","overlay-opacity":"","overlay-gradient":""}}},"product_brand":[],"product_cat":[179,177],"product_tag":[],"class_list":{"0":"post-34431","1":"product","2":"type-product","3":"status-publish","4":"has-post-thumbnail","6":"product_cat-limes-limes-de-rechange","7":"product_cat-staleks-fr","8":"desktop-align-left","9":"tablet-align-left","10":"mobile-align-left","11":"ast-product-gallery-layout-vertical","12":"ast-product-tabs-layout-horizontal","13":"ast-qv-on-image","15":"first","16":"instock","17":"taxable","18":"shipping-taxable","19":"purchasable","20":"product-type-simple"},"acf":[],"_links":{"self":[{"href":"https:\/\/shop.eternalyouth.ch\/fr\/wp-json\/wp\/v2\/product\/34431","targetHints":{"allow":["GET"]}}],"collection":[{"href":"https:\/\/shop.eternalyouth.ch\/fr\/wp-json\/wp\/v2\/product"}],"about":[{"href":"https:\/\/shop.eternalyouth.ch\/fr\/wp-json\/wp\/v2\/types\/product"}],"replies":[{"embeddable":true,"href":"https:\/\/shop.eternalyouth.ch\/fr\/wp-json\/wp\/v2\/comments?post=34431"}],"wp:featuredmedia":[{"embeddable":true,"href":"https:\/\/shop.eternalyouth.ch\/fr\/wp-json\/wp\/v2\/media\/33070"}],"wp:attachment":[{"href":"https:\/\/shop.eternalyouth.ch\/fr\/wp-json\/wp\/v2\/media?parent=34431"}],"wp:term":[{"taxonomy":"product_brand","embeddable":true,"href":"https:\/\/shop.eternalyouth.ch\/fr\/wp-json\/wp\/v2\/product_brand?post=34431"},{"taxonomy":"product_cat","embeddable":true,"href":"https:\/\/shop.eternalyouth.ch\/fr\/wp-json\/wp\/v2\/product_cat?post=34431"},{"taxonomy":"product_tag","embeddable":true,"href":"https:\/\/shop.eternalyouth.ch\/fr\/wp-json\/wp\/v2\/product_tag?post=34431"}],"curies":[{"name":"wp","href":"https:\/\/api.w.org\/{rel}","templated":true}]}}