{"id":34411,"date":"2024-04-27T14:01:01","date_gmt":"2024-04-27T12:01:01","guid":{"rendered":"https:\/\/shop.eternalyouth.ch\/produkt\/take-care-deshydrateur-desinfectant-detergent-3-en-1-en-flacon-de-100ml-ou-500ml\/"},"modified":"2025-04-27T19:46:37","modified_gmt":"2025-04-27T17:46:37","slug":"take-care-deshydrateur-desinfectant-detergent-3-en-1-en-flacon-de-100ml-ou-500ml","status":"publish","type":"product","link":"https:\/\/shop.eternalyouth.ch\/fr\/produkt\/take-care-deshydrateur-desinfectant-detergent-3-en-1-en-flacon-de-100ml-ou-500ml\/","title":{"rendered":"Take Care &#8211; D\u00e9shydrateur, d\u00e9sinfectant\/d\u00e9tergent 3 en 1 en flacon de 100ml ou 500ml"},"content":{"rendered":"","protected":false},"excerpt":{"rendered":"<div class=\"product-block\">\n<div class=\"rte\">\n<p>Une solution 3 en 1 pour vous faciliter le quotidien !<\/p>\n<p>-DESINFECTANT<\/p>\n<p>-CLEANER<\/p>\n<p>-NETTOYANT<\/p>\n<div class=\"flex-1 overflow-hidden\">\n<div class=\"react-scroll-to-bottom--css-hmrli-79elbk h-full\">\n<div class=\"react-scroll-to-bottom--css-hmrli-1n7m0yu\">\n<div class=\"flex flex-col text-sm pb-9\">\n<div class=\"w-full text-token-text-primary\" data-testid=\"conversation-turn-69\">\n<div class=\"px-4 py-2 justify-center text-base md:gap-6 m-auto\">\n<div class=\"flex flex-1 text-base mx-auto gap-3 md:px-5 lg:px-1 xl:px-5 md:max-w-3xl lg:max-w-[40rem] xl:max-w-[48rem] group final-completion\">\n<div class=\"relative flex w-full flex-col agent-turn\">\n<div class=\"flex-col gap-1 md:gap-3\">\n<div class=\"flex flex-grow flex-col max-w-full\">\n<div class=\"min-h-[20px] text-message flex flex-col items-start gap-3 whitespace-pre-wrap break-words [.text-message+&amp;]:mt-5 overflow-x-auto\" data-message-id=\"157bed55-36ab-402c-9a1a-14b345a84a7b\" data-message-author-role=\"assistant\">\n<div class=\"markdown prose w-full break-words dark:prose-invert light\">\n<p>Ce produit offre une solution tout-en-un, disponible en spray de 100 ml ou de 500 ml.<\/p>\n<p>Prendre soin de quelqu&rsquo;un ou quelque chose, c&rsquo;est assumer une responsabilit\u00e9. C&rsquo;est la raison pour laquelle nous avons nomm\u00e9 notre solution trois-en-un \u00ab\u00a0Take Care\u00a0\u00bb.<\/p>\n<p>Nous portons la responsabilit\u00e9 de nos actions dans nos ateliers et salons, o\u00f9 la s\u00e9curit\u00e9 doit toujours primer. \u00ab\u00a0Take Care\u00a0\u00bb est un d\u00e9sinfectant con\u00e7u pour \u00eatre vaporis\u00e9 sur les mains des clients avant tout soin. Il fait \u00e9galement office de d\u00e9shydratant et de nettoyant, \u00e9liminant ainsi tous r\u00e9sidus de gel.<\/p>\n<p>Il s\u00e8che naturellement \u00e0 l&rsquo;air et d\u00e9gage un parfum plaisant.<\/p>\n<p>R\u00e9serv\u00e9 \u00e0 un usage professionnel.<\/p>\n<\/div>\n<\/div>\n<\/div>\n<div class=\"mt-1 flex justify-start gap-3 empty:hidden\">\n<div class=\"text-gray-400 flex self-end lg:self-center items-center justify-center lg:justify-start mt-0 -ml-1 h-7 gap-[2px] visible\">\n<div class=\"flex\"><\/div>\n<\/div>\n<\/div>\n<\/div>\n<\/div>\n<\/div>\n<\/div>\n<\/div>\n<\/div>\n<\/div>\n<\/div>\n<\/div>\n<p>Avec ce produit, vous pouvez d\u00e9sinfecter vos tables et votre mat\u00e9riel, les mains de vos clientes, d\u00e9graisser le gel, nettoyer la poussi\u00e8re sur les doigts apr\u00e8s le limage&#8230; un produit \u00e0 avoir absolument !<\/p>\n<\/div>\n<\/div>\n","protected":false},"featured_media":32932,"comment_status":"open","ping_status":"closed","template":"","meta":{"_acf_changed":false,"site-sidebar-layout":"default","site-content-layout":"","ast-site-content-layout":"default","site-content-style":"default","site-sidebar-style":"default","ast-global-header-display":"","ast-banner-title-visibility":"","ast-main-header-display":"","ast-hfb-above-header-display":"","ast-hfb-below-header-display":"","ast-hfb-mobile-header-display":"","site-post-title":"","ast-breadcrumbs-content":"","ast-featured-img":"","footer-sml-layout":"","theme-transparent-header-meta":"default","adv-header-id-meta":"","stick-header-meta":"default","header-above-stick-meta":"","header-main-stick-meta":"","header-below-stick-meta":"","astra-migrate-meta-layouts":"set","ast-page-background-enabled":"default","ast-page-background-meta":{"desktop":{"background-color":"","background-image":"","background-repeat":"repeat","background-position":"center center","background-size":"auto","background-attachment":"scroll","background-type":"","background-media":"","overlay-type":"","overlay-color":"","overlay-opacity":"","overlay-gradient":""},"tablet":{"background-color":"","background-image":"","background-repeat":"repeat","background-position":"center center","background-size":"auto","background-attachment":"scroll","background-type":"","background-media":"","overlay-type":"","overlay-color":"","overlay-opacity":"","overlay-gradient":""},"mobile":{"background-color":"","background-image":"","background-repeat":"repeat","background-position":"center center","background-size":"auto","background-attachment":"scroll","background-type":"","background-media":"","overlay-type":"","overlay-color":"","overlay-opacity":"","overlay-gradient":""}},"ast-content-background-meta":{"desktop":{"background-color":"var(--ast-global-color-5)","background-image":"","background-repeat":"repeat","background-position":"center center","background-size":"auto","background-attachment":"scroll","background-type":"","background-media":"","overlay-type":"","overlay-color":"","overlay-opacity":"","overlay-gradient":""},"tablet":{"background-color":"var(--ast-global-color-5)","background-image":"","background-repeat":"repeat","background-position":"center center","background-size":"auto","background-attachment":"scroll","background-type":"","background-media":"","overlay-type":"","overlay-color":"","overlay-opacity":"","overlay-gradient":""},"mobile":{"background-color":"var(--ast-global-color-5)","background-image":"","background-repeat":"repeat","background-position":"center center","background-size":"auto","background-attachment":"scroll","background-type":"","background-media":"","overlay-type":"","overlay-color":"","overlay-opacity":"","overlay-gradient":""}}},"product_brand":[],"product_cat":[217,194],"product_tag":[],"class_list":{"0":"post-34411","1":"product","2":"type-product","3":"status-publish","4":"has-post-thumbnail","6":"product_cat-desinfectant","7":"product_cat-libra-nails-lab","8":"desktop-align-left","9":"tablet-align-left","10":"mobile-align-left","11":"ast-product-gallery-layout-vertical","12":"ast-product-gallery-with-no-image","13":"ast-product-tabs-layout-horizontal","14":"ast-qv-on-image","16":"first","17":"instock","18":"taxable","19":"shipping-taxable","20":"purchasable","21":"product-type-simple"},"acf":[],"_links":{"self":[{"href":"https:\/\/shop.eternalyouth.ch\/fr\/wp-json\/wp\/v2\/product\/34411","targetHints":{"allow":["GET"]}}],"collection":[{"href":"https:\/\/shop.eternalyouth.ch\/fr\/wp-json\/wp\/v2\/product"}],"about":[{"href":"https:\/\/shop.eternalyouth.ch\/fr\/wp-json\/wp\/v2\/types\/product"}],"replies":[{"embeddable":true,"href":"https:\/\/shop.eternalyouth.ch\/fr\/wp-json\/wp\/v2\/comments?post=34411"}],"wp:featuredmedia":[{"embeddable":true,"href":"https:\/\/shop.eternalyouth.ch\/fr\/wp-json\/wp\/v2\/media\/32932"}],"wp:attachment":[{"href":"https:\/\/shop.eternalyouth.ch\/fr\/wp-json\/wp\/v2\/media?parent=34411"}],"wp:term":[{"taxonomy":"product_brand","embeddable":true,"href":"https:\/\/shop.eternalyouth.ch\/fr\/wp-json\/wp\/v2\/product_brand?post=34411"},{"taxonomy":"product_cat","embeddable":true,"href":"https:\/\/shop.eternalyouth.ch\/fr\/wp-json\/wp\/v2\/product_cat?post=34411"},{"taxonomy":"product_tag","embeddable":true,"href":"https:\/\/shop.eternalyouth.ch\/fr\/wp-json\/wp\/v2\/product_tag?post=34411"}],"curies":[{"name":"wp","href":"https:\/\/api.w.org\/{rel}","templated":true}]}}