{"id":34399,"date":"2024-04-27T10:44:45","date_gmt":"2024-04-27T08:44:45","guid":{"rendered":"https:\/\/shop.eternalyouth.ch\/produkt\/freedom-vernis-en-gel\/"},"modified":"2025-04-28T05:54:56","modified_gmt":"2025-04-28T03:54:56","slug":"freedom-vernis-en-gel","status":"publish","type":"product","link":"https:\/\/shop.eternalyouth.ch\/fr\/produkt\/freedom-vernis-en-gel\/","title":{"rendered":"\u00ab\u00a0Freedom\u00a0\u00bb &#8211; HEMA FREE Gel Polish 15ml"},"content":{"rendered":"","protected":false},"excerpt":{"rendered":"<div class=\"product-block\">\n<div class=\"rte\">Le nom \u00ab Freedom \u00bb de ce semi-permanent vert vif vient d\u2019une teinte typique li\u00e9e aux ann\u00e9es 90. Cela nous fait penser \u00e0 l&rsquo;adolescence, au gameboy et aux patins \u00e0 roulettes, pour filer librement et sans soucis.<\/div>\n<\/div>\n<div id=\"shopify-block-AZkRTeXJqUWlyb3VjY__505a9b8d-5faa-4bb9-9157-04751c4f0186\" class=\"shopify-block shopify-app-block\">\n<div id=\"split-installment-widget\"><\/div>\n<\/div>\n<div class=\"product-block\">\n<hr \/>\n<\/div>\n","protected":false},"featured_media":32762,"comment_status":"open","ping_status":"closed","template":"","meta":{"_acf_changed":false,"site-sidebar-layout":"default","site-content-layout":"","ast-site-content-layout":"default","site-content-style":"default","site-sidebar-style":"default","ast-global-header-display":"","ast-banner-title-visibility":"","ast-main-header-display":"","ast-hfb-above-header-display":"","ast-hfb-below-header-display":"","ast-hfb-mobile-header-display":"","site-post-title":"","ast-breadcrumbs-content":"","ast-featured-img":"","footer-sml-layout":"","theme-transparent-header-meta":"default","adv-header-id-meta":"","stick-header-meta":"default","header-above-stick-meta":"","header-main-stick-meta":"","header-below-stick-meta":"","astra-migrate-meta-layouts":"set","ast-page-background-enabled":"default","ast-page-background-meta":{"desktop":{"background-color":"","background-image":"","background-repeat":"repeat","background-position":"center center","background-size":"auto","background-attachment":"scroll","background-type":"","background-media":"","overlay-type":"","overlay-color":"","overlay-opacity":"","overlay-gradient":""},"tablet":{"background-color":"","background-image":"","background-repeat":"repeat","background-position":"center center","background-size":"auto","background-attachment":"scroll","background-type":"","background-media":"","overlay-type":"","overlay-color":"","overlay-opacity":"","overlay-gradient":""},"mobile":{"background-color":"","background-image":"","background-repeat":"repeat","background-position":"center center","background-size":"auto","background-attachment":"scroll","background-type":"","background-media":"","overlay-type":"","overlay-color":"","overlay-opacity":"","overlay-gradient":""}},"ast-content-background-meta":{"desktop":{"background-color":"var(--ast-global-color-5)","background-image":"","background-repeat":"repeat","background-position":"center center","background-size":"auto","background-attachment":"scroll","background-type":"","background-media":"","overlay-type":"","overlay-color":"","overlay-opacity":"","overlay-gradient":""},"tablet":{"background-color":"var(--ast-global-color-5)","background-image":"","background-repeat":"repeat","background-position":"center center","background-size":"auto","background-attachment":"scroll","background-type":"","background-media":"","overlay-type":"","overlay-color":"","overlay-opacity":"","overlay-gradient":""},"mobile":{"background-color":"var(--ast-global-color-5)","background-image":"","background-repeat":"repeat","background-position":"center center","background-size":"auto","background-attachment":"scroll","background-type":"","background-media":"","overlay-type":"","overlay-color":"","overlay-opacity":"","overlay-gradient":""}}},"product_brand":[],"product_cat":[194,195],"product_tag":[],"class_list":{"0":"post-34399","1":"product","2":"type-product","3":"status-publish","4":"has-post-thumbnail","6":"product_cat-libra-nails-lab","7":"product_cat-vernis-gel","8":"desktop-align-left","9":"tablet-align-left","10":"mobile-align-left","11":"ast-product-gallery-layout-vertical","12":"ast-product-tabs-layout-horizontal","13":"ast-qv-on-image","15":"first","16":"instock","17":"taxable","18":"shipping-taxable","19":"purchasable","20":"product-type-simple"},"acf":[],"_links":{"self":[{"href":"https:\/\/shop.eternalyouth.ch\/fr\/wp-json\/wp\/v2\/product\/34399","targetHints":{"allow":["GET"]}}],"collection":[{"href":"https:\/\/shop.eternalyouth.ch\/fr\/wp-json\/wp\/v2\/product"}],"about":[{"href":"https:\/\/shop.eternalyouth.ch\/fr\/wp-json\/wp\/v2\/types\/product"}],"replies":[{"embeddable":true,"href":"https:\/\/shop.eternalyouth.ch\/fr\/wp-json\/wp\/v2\/comments?post=34399"}],"wp:featuredmedia":[{"embeddable":true,"href":"https:\/\/shop.eternalyouth.ch\/fr\/wp-json\/wp\/v2\/media\/32762"}],"wp:attachment":[{"href":"https:\/\/shop.eternalyouth.ch\/fr\/wp-json\/wp\/v2\/media?parent=34399"}],"wp:term":[{"taxonomy":"product_brand","embeddable":true,"href":"https:\/\/shop.eternalyouth.ch\/fr\/wp-json\/wp\/v2\/product_brand?post=34399"},{"taxonomy":"product_cat","embeddable":true,"href":"https:\/\/shop.eternalyouth.ch\/fr\/wp-json\/wp\/v2\/product_cat?post=34399"},{"taxonomy":"product_tag","embeddable":true,"href":"https:\/\/shop.eternalyouth.ch\/fr\/wp-json\/wp\/v2\/product_tag?post=34399"}],"curies":[{"name":"wp","href":"https:\/\/api.w.org\/{rel}","templated":true}]}}