{"id":34284,"date":"2024-05-29T09:55:23","date_gmt":"2024-05-29T07:55:23","guid":{"rendered":"https:\/\/shop.eternalyouth.ch\/produkt\/filtres-de-rechange-pour-les-extracteurs-de-poussiere-shemax-style-pro-smart-v-pro\/"},"modified":"2024-05-29T09:55:23","modified_gmt":"2024-05-29T07:55:23","slug":"filtres-de-rechange-pour-les-extracteurs-de-poussiere-shemax-style-pro-smart-v-pro","status":"publish","type":"product","link":"https:\/\/shop.eternalyouth.ch\/fr\/produkt\/filtres-de-rechange-pour-les-extracteurs-de-poussiere-shemax-style-pro-smart-v-pro\/","title":{"rendered":"Filtres de rechange pour les extracteurs de poussi\u00e8re SHEMAX &#8211; Style PRO, Smart V-PRO"},"content":{"rendered":"<p>Comment entretenir le filtre de capot pour manucure et p\u00e9dicure SheMax ?<\/p>\n<ul>\n<li>Ne lavez pas le filtre (entretien \u00e0 sec uniquement).<\/li>\n<li>Secouez le filtre apr\u00e8s chaque client.<\/li>\n<li>Les petites particules obstruent les fibres.<\/li>\n<li>Il est recommand\u00e9 de le nettoyer avec une brosse \u00e9troite. Nous recommandons de changer le filtre tous les deux mois (avec un taux de 6 clients par jour). <\/li>\n<li>Il n&rsquo;y a pas de diff\u00e9rence entre un filtre Nero et un filtre \u00e0 charbon.<\/li>\n<li>Le filtre \u00e0 charbon actif est beaucoup plus on\u00e9reux.<\/li>\n<li>L&rsquo;effet sur la qualit\u00e9 est identique.<\/li>\n<\/ul>\n<p>Avantages du filtre Nero :<\/p>\n<ul>\n<li>La poussi\u00e8re se d\u00e9pose profond\u00e9ment dans la surface nervur\u00e9e du filtre.<\/li>\n<li>Sous forte pression, la poussi\u00e8re d\u00e9pos\u00e9e est comprim\u00e9e et prend la forme du filtre, formant quelques agr\u00e9gats.<\/li>\n<li>Lors du retrait du filtre du capot SheMax, la poussi\u00e8re ne s&rsquo;\u00e9l\u00e8ve pas car elle est comprim\u00e9e et se trouve dans la profondeur du filtre nervur\u00e9.<\/li>\n<li>Lors du secouage du filtre, vous n&rsquo;inhalez pas de poussi\u00e8re lors de la compression.<\/li>\n<\/ul>\n<p>Le filtre ne doit pas \u00eatre lav\u00e9 \u00e0 l&rsquo;eau. Nous recommandons de secouer r\u00e9guli\u00e8rement le filtre apr\u00e8s chaque client ou de le brosser avec une brosse douce. <\/p>\n<p>Le filtre doit \u00eatre remplac\u00e9 apr\u00e8s environ 2 mois (avec 6 clients par jour)<\/p>\n<p>Dimensions : 24,5 cm x 17,2 cm x 2 cm<\/p>\n","protected":false},"excerpt":{"rendered":"<p><strong>Avantages du filtre Nero :<\/strong><\/p>\n<ul>\n<li>La poussi\u00e8re se d\u00e9pose profond\u00e9ment dans la surface nervur\u00e9e du filtre.<\/li>\n<li>Sous forte pression, la poussi\u00e8re d\u00e9pos\u00e9e est comprim\u00e9e et prend la forme du filtre, cr\u00e9ant des agr\u00e9gats.<\/li>\n<li>En retirant le filtre du capot SheMax, la poussi\u00e8re ne s&rsquo;\u00e9l\u00e8ve pas car elle est comprim\u00e9e et se trouve dans la profondeur du filtre nervur\u00e9.<\/li>\n<li>Lorsque vous secouez le filtre, vous n&rsquo;inhalez pas la poussi\u00e8re lorsqu&rsquo;elle est comprim\u00e9e.<\/li>\n<\/ul>\n","protected":false},"featured_media":33784,"comment_status":"open","ping_status":"closed","template":"","meta":{"_acf_changed":false,"site-sidebar-layout":"default","site-content-layout":"","ast-site-content-layout":"","site-content-style":"default","site-sidebar-style":"default","ast-global-header-display":"","ast-banner-title-visibility":"","ast-main-header-display":"","ast-hfb-above-header-display":"","ast-hfb-below-header-display":"","ast-hfb-mobile-header-display":"","site-post-title":"","ast-breadcrumbs-content":"","ast-featured-img":"","footer-sml-layout":"","theme-transparent-header-meta":"default","adv-header-id-meta":"","stick-header-meta":"default","header-above-stick-meta":"","header-main-stick-meta":"","header-below-stick-meta":"","astra-migrate-meta-layouts":"default","ast-page-background-enabled":"default","ast-page-background-meta":{"desktop":{"background-color":"","background-image":"","background-repeat":"repeat","background-position":"center center","background-size":"auto","background-attachment":"scroll","background-type":"","background-media":"","overlay-type":"","overlay-color":"","overlay-opacity":"","overlay-gradient":""},"tablet":{"background-color":"","background-image":"","background-repeat":"repeat","background-position":"center center","background-size":"auto","background-attachment":"scroll","background-type":"","background-media":"","overlay-type":"","overlay-color":"","overlay-opacity":"","overlay-gradient":""},"mobile":{"background-color":"","background-image":"","background-repeat":"repeat","background-position":"center center","background-size":"auto","background-attachment":"scroll","background-type":"","background-media":"","overlay-type":"","overlay-color":"","overlay-opacity":"","overlay-gradient":""}},"ast-content-background-meta":{"desktop":{"background-color":"var(--ast-global-color-5)","background-image":"","background-repeat":"repeat","background-position":"center center","background-size":"auto","background-attachment":"scroll","background-type":"","background-media":"","overlay-type":"","overlay-color":"","overlay-opacity":"","overlay-gradient":""},"tablet":{"background-color":"var(--ast-global-color-5)","background-image":"","background-repeat":"repeat","background-position":"center center","background-size":"auto","background-attachment":"scroll","background-type":"","background-media":"","overlay-type":"","overlay-color":"","overlay-opacity":"","overlay-gradient":""},"mobile":{"background-color":"var(--ast-global-color-5)","background-image":"","background-repeat":"repeat","background-position":"center center","background-size":"auto","background-attachment":"scroll","background-type":"","background-media":"","overlay-type":"","overlay-color":"","overlay-opacity":"","overlay-gradient":""}}},"product_brand":[],"product_cat":[193,191],"product_tag":[],"class_list":{"0":"post-34284","1":"product","2":"type-product","3":"status-publish","4":"has-post-thumbnail","6":"product_cat-collecteur-de-poussiere-de-filtre","7":"product_cat-shemax-fr","8":"desktop-align-left","9":"tablet-align-left","10":"mobile-align-left","11":"ast-product-gallery-layout-vertical","12":"ast-product-tabs-layout-horizontal","13":"ast-qv-on-image","15":"first","16":"outofstock","17":"taxable","18":"shipping-taxable","19":"purchasable","20":"product-type-simple"},"acf":[],"_links":{"self":[{"href":"https:\/\/shop.eternalyouth.ch\/fr\/wp-json\/wp\/v2\/product\/34284","targetHints":{"allow":["GET"]}}],"collection":[{"href":"https:\/\/shop.eternalyouth.ch\/fr\/wp-json\/wp\/v2\/product"}],"about":[{"href":"https:\/\/shop.eternalyouth.ch\/fr\/wp-json\/wp\/v2\/types\/product"}],"replies":[{"embeddable":true,"href":"https:\/\/shop.eternalyouth.ch\/fr\/wp-json\/wp\/v2\/comments?post=34284"}],"wp:featuredmedia":[{"embeddable":true,"href":"https:\/\/shop.eternalyouth.ch\/fr\/wp-json\/wp\/v2\/media\/33784"}],"wp:attachment":[{"href":"https:\/\/shop.eternalyouth.ch\/fr\/wp-json\/wp\/v2\/media?parent=34284"}],"wp:term":[{"taxonomy":"product_brand","embeddable":true,"href":"https:\/\/shop.eternalyouth.ch\/fr\/wp-json\/wp\/v2\/product_brand?post=34284"},{"taxonomy":"product_cat","embeddable":true,"href":"https:\/\/shop.eternalyouth.ch\/fr\/wp-json\/wp\/v2\/product_cat?post=34284"},{"taxonomy":"product_tag","embeddable":true,"href":"https:\/\/shop.eternalyouth.ch\/fr\/wp-json\/wp\/v2\/product_tag?post=34284"}],"curies":[{"name":"wp","href":"https:\/\/api.w.org\/{rel}","templated":true}]}}