{"id":34267,"date":"2024-05-29T09:33:06","date_gmt":"2024-05-29T07:33:06","guid":{"rendered":"https:\/\/shop.eternalyouth.ch\/produkt\/table-de-manucure-luxe-mini-shemax\/"},"modified":"2024-05-29T09:33:06","modified_gmt":"2024-05-29T07:33:06","slug":"table-de-manucure-luxe-mini-shemax","status":"publish","type":"product","link":"https:\/\/shop.eternalyouth.ch\/fr\/produkt\/table-de-manucure-luxe-mini-shemax\/","title":{"rendered":"Table de manucure Luxe mini SHEMAX"},"content":{"rendered":"<div>Repose-main LUXURY MINI sans pieds m\u00e9talliques pour la table de manucure, id\u00e9al pour travailler avec l&rsquo;extracteur de poussi\u00e8re int\u00e9gr\u00e9 SMART V-PRO SHEMAX. Le repose-main pour client arbore un design raffin\u00e9 avec le logo de la marque &#8211; un accessoire indispensable pour les instituts de beaut\u00e9. <\/div>\n<div>Les clients appr\u00e9cieront davantage le design du support en raison de ses nombreux avantages.<\/div>\n<div>Le client se sentira \u00e0 l&rsquo;aise pendant la manucure. La longueur id\u00e9ale du support de 42 cm assure un confort maximal. <\/div>\n<div><\/div>\n<div>La hauteur du coussin moelleux est de 3 cm. Des housses de coussin sont \u00e9galement disponibles. <\/div>\n<div><\/div>\n<div>Une large gamme de couleurs vous permet de choisir un support de manucure LUXURY MINI adapt\u00e9 \u00e0 tout design.<\/div>\n<div>\n<div>Choisissez le meilleur pour vous-m\u00eame et offrez un service client de haute qualit\u00e9.<\/div>\n<div>Fabriqu\u00e9 en cuir \u00e9cologique de haute qualit\u00e9, durable et facile \u00e0 d\u00e9sinfecter et \u00e0 nettoyer.<\/div>\n<div>SHEMAX propose des d\u00e9veloppements avanc\u00e9s pour les instituts de beaut\u00e9 d&rsquo;\u00e9lite du monde entier.<\/div>\n<\/div>\n","protected":false},"excerpt":{"rendered":"<p>Support de main pour manucure LUXURY mini<\/p>\n","protected":false},"featured_media":33770,"comment_status":"open","ping_status":"closed","template":"","meta":{"_acf_changed":false,"site-sidebar-layout":"default","site-content-layout":"","ast-site-content-layout":"","site-content-style":"default","site-sidebar-style":"default","ast-global-header-display":"","ast-banner-title-visibility":"","ast-main-header-display":"","ast-hfb-above-header-display":"","ast-hfb-below-header-display":"","ast-hfb-mobile-header-display":"","site-post-title":"","ast-breadcrumbs-content":"","ast-featured-img":"","footer-sml-layout":"","theme-transparent-header-meta":"default","adv-header-id-meta":"","stick-header-meta":"default","header-above-stick-meta":"","header-main-stick-meta":"","header-below-stick-meta":"","astra-migrate-meta-layouts":"default","ast-page-background-enabled":"default","ast-page-background-meta":{"desktop":{"background-color":"","background-image":"","background-repeat":"repeat","background-position":"center center","background-size":"auto","background-attachment":"scroll","background-type":"","background-media":"","overlay-type":"","overlay-color":"","overlay-opacity":"","overlay-gradient":""},"tablet":{"background-color":"","background-image":"","background-repeat":"repeat","background-position":"center center","background-size":"auto","background-attachment":"scroll","background-type":"","background-media":"","overlay-type":"","overlay-color":"","overlay-opacity":"","overlay-gradient":""},"mobile":{"background-color":"","background-image":"","background-repeat":"repeat","background-position":"center center","background-size":"auto","background-attachment":"scroll","background-type":"","background-media":"","overlay-type":"","overlay-color":"","overlay-opacity":"","overlay-gradient":""}},"ast-content-background-meta":{"desktop":{"background-color":"var(--ast-global-color-5)","background-image":"","background-repeat":"repeat","background-position":"center center","background-size":"auto","background-attachment":"scroll","background-type":"","background-media":"","overlay-type":"","overlay-color":"","overlay-opacity":"","overlay-gradient":""},"tablet":{"background-color":"var(--ast-global-color-5)","background-image":"","background-repeat":"repeat","background-position":"center center","background-size":"auto","background-attachment":"scroll","background-type":"","background-media":"","overlay-type":"","overlay-color":"","overlay-opacity":"","overlay-gradient":""},"mobile":{"background-color":"var(--ast-global-color-5)","background-image":"","background-repeat":"repeat","background-position":"center center","background-size":"auto","background-attachment":"scroll","background-type":"","background-media":"","overlay-type":"","overlay-color":"","overlay-opacity":"","overlay-gradient":""}}},"product_brand":[],"product_cat":[191,208],"product_tag":[],"class_list":{"0":"post-34267","1":"product","2":"type-product","3":"status-publish","4":"has-post-thumbnail","6":"product_cat-shemax-fr","7":"product_cat-table-de-manucure-mini","8":"desktop-align-left","9":"tablet-align-left","10":"mobile-align-left","11":"ast-product-gallery-layout-vertical","12":"ast-product-gallery-with-no-image","13":"ast-product-single-variable","14":"ast-product-tabs-layout-horizontal","15":"ast-qv-on-image","17":"first","18":"outofstock","19":"taxable","20":"shipping-taxable","21":"purchasable","22":"product-type-variable"},"acf":[],"_links":{"self":[{"href":"https:\/\/shop.eternalyouth.ch\/fr\/wp-json\/wp\/v2\/product\/34267","targetHints":{"allow":["GET"]}}],"collection":[{"href":"https:\/\/shop.eternalyouth.ch\/fr\/wp-json\/wp\/v2\/product"}],"about":[{"href":"https:\/\/shop.eternalyouth.ch\/fr\/wp-json\/wp\/v2\/types\/product"}],"replies":[{"embeddable":true,"href":"https:\/\/shop.eternalyouth.ch\/fr\/wp-json\/wp\/v2\/comments?post=34267"}],"wp:featuredmedia":[{"embeddable":true,"href":"https:\/\/shop.eternalyouth.ch\/fr\/wp-json\/wp\/v2\/media\/33770"}],"wp:attachment":[{"href":"https:\/\/shop.eternalyouth.ch\/fr\/wp-json\/wp\/v2\/media?parent=34267"}],"wp:term":[{"taxonomy":"product_brand","embeddable":true,"href":"https:\/\/shop.eternalyouth.ch\/fr\/wp-json\/wp\/v2\/product_brand?post=34267"},{"taxonomy":"product_cat","embeddable":true,"href":"https:\/\/shop.eternalyouth.ch\/fr\/wp-json\/wp\/v2\/product_cat?post=34267"},{"taxonomy":"product_tag","embeddable":true,"href":"https:\/\/shop.eternalyouth.ch\/fr\/wp-json\/wp\/v2\/product_tag?post=34267"}],"curies":[{"name":"wp","href":"https:\/\/api.w.org\/{rel}","templated":true}]}}