{"id":34247,"date":"2024-05-29T08:52:46","date_gmt":"2024-05-29T06:52:46","guid":{"rendered":"https:\/\/shop.eternalyouth.ch\/produkt\/table-de-manucure-luxe-shemax\/"},"modified":"2024-05-29T08:52:46","modified_gmt":"2024-05-29T06:52:46","slug":"table-de-manucure-luxe-shemax","status":"publish","type":"product","link":"https:\/\/shop.eternalyouth.ch\/fr\/produkt\/table-de-manucure-luxe-shemax\/","title":{"rendered":"Table de manucure Luxe SHEMAX"},"content":{"rendered":"<h4 dir=\"ltr\"><\/h4>\n<h4 dir=\"ltr\">Support de manucure SHEMAX pour les mains<\/h4>\n<p>Fixation confortable de la main du client pour une application parfaite du vernis, un contr\u00f4le orthop\u00e9dique de la posture et un soulagement du professionnel. En moyenne, la manucure dure 1,5 heure. Le d\u00e9placement de la main du client, les douleurs cervicales et dorsales lors d&rsquo;un travail concentr\u00e9 prolong\u00e9 dans une position sont in\u00e9vitables. La fatigue et l&rsquo;inconfort affectent \u00e9galement le r\u00e9sultat final &#8211; la pr\u00e9cision et le soin du rev\u00eatement.   <\/p>\n<p dir=\"ltr\">Le support de manucure SHEMAX &#8211; un accessoire \u00e9l\u00e9gant et pratique pour les artistes ongulaires &#8211; contribue \u00e0 assurer la position la plus stable et confortable tout au long de la proc\u00e9dure.<\/p>\n<p dir=\"ltr\"><img decoding=\"async\" class=\"alignnone size-medium wp-image-31326\" src=\"https:\/\/shop.eternalyouth.ch\/wp-content\/uploads\/2024\/05\/SHEMAX_00-300x111.jpg\" alt=\"\" width=\"300\" height=\"111\" srcset=\"https:\/\/shop.eternalyouth.ch\/wp-content\/uploads\/2024\/05\/SHEMAX_00-300x111.jpg 300w, https:\/\/shop.eternalyouth.ch\/wp-content\/uploads\/2024\/05\/SHEMAX_00-1024x379.jpg 1024w, https:\/\/shop.eternalyouth.ch\/wp-content\/uploads\/2024\/05\/SHEMAX_00-768x284.jpg 768w, https:\/\/shop.eternalyouth.ch\/wp-content\/uploads\/2024\/05\/SHEMAX_00-600x222.jpg 600w, https:\/\/shop.eternalyouth.ch\/wp-content\/uploads\/2024\/05\/SHEMAX_00.jpg 1080w\" sizes=\"(max-width: 300px) 100vw, 300px\" \/> <img decoding=\"async\" class=\"alignnone size-medium wp-image-31327\" src=\"https:\/\/shop.eternalyouth.ch\/wp-content\/uploads\/2024\/05\/SHEMAX_01-300x111.jpg\" alt=\"\" width=\"300\" height=\"111\" srcset=\"https:\/\/shop.eternalyouth.ch\/wp-content\/uploads\/2024\/05\/SHEMAX_01-300x111.jpg 300w, https:\/\/shop.eternalyouth.ch\/wp-content\/uploads\/2024\/05\/SHEMAX_01-1024x379.jpg 1024w, https:\/\/shop.eternalyouth.ch\/wp-content\/uploads\/2024\/05\/SHEMAX_01-768x284.jpg 768w, https:\/\/shop.eternalyouth.ch\/wp-content\/uploads\/2024\/05\/SHEMAX_01-600x222.jpg 600w, https:\/\/shop.eternalyouth.ch\/wp-content\/uploads\/2024\/05\/SHEMAX_01.jpg 1080w\" sizes=\"(max-width: 300px) 100vw, 300px\" \/> <img decoding=\"async\" class=\"alignnone size-medium wp-image-31328\" src=\"https:\/\/shop.eternalyouth.ch\/wp-content\/uploads\/2024\/05\/SHEMAX_09-300x111.jpg\" alt=\"\" width=\"300\" height=\"111\" srcset=\"https:\/\/shop.eternalyouth.ch\/wp-content\/uploads\/2024\/05\/SHEMAX_09-300x111.jpg 300w, https:\/\/shop.eternalyouth.ch\/wp-content\/uploads\/2024\/05\/SHEMAX_09-1024x379.jpg 1024w, https:\/\/shop.eternalyouth.ch\/wp-content\/uploads\/2024\/05\/SHEMAX_09-768x284.jpg 768w, https:\/\/shop.eternalyouth.ch\/wp-content\/uploads\/2024\/05\/SHEMAX_09-600x222.jpg 600w, https:\/\/shop.eternalyouth.ch\/wp-content\/uploads\/2024\/05\/SHEMAX_09.jpg 1080w\" sizes=\"(max-width: 300px) 100vw, 300px\" \/><\/p>\n<ul>\n<li dir=\"ltr\" aria-level=\"1\">\n<p dir=\"ltr\" role=\"presentation\">Confort. La hauteur de l&rsquo;accoudoir est de 14 cm. Comme la paume du client est confortablement fix\u00e9e plus pr\u00e8s de la lampe, l&rsquo;artisan n&rsquo;a pas besoin de se pencher excessivement. Le cou et le dos ne se fatiguent pratiquement pas.  <\/p>\n<\/li>\n<li dir=\"ltr\" aria-level=\"1\">\n<p dir=\"ltr\" role=\"presentation\">Qualit\u00e9. Tous les supports de manucure SHEMAX sont assembl\u00e9s \u00e0 la main. Il faut 2 heures pour fabriquer chaque support.  <\/p>\n<\/li>\n<li dir=\"ltr\" aria-level=\"1\">\n<p dir=\"ltr\" role=\"presentation\">Le mat\u00e9riau est compos\u00e9 de cuir \u00e9cologique durable, il n&rsquo;y a donc pas de plis ou d&rsquo;agrafes sur le coussin qui pourraient accumuler de la poussi\u00e8re. Il est facile \u00e0 traiter et \u00e0 d\u00e9sinfecter. <\/p>\n<\/li>\n<li dir=\"ltr\" aria-level=\"1\">\n<p dir=\"ltr\" role=\"presentation\">Stabilit\u00e9. La surface de l&rsquo;accoudoir mesure 42&#215;12 et fixe de mani\u00e8re fiable la main du client. Le professionnel n&rsquo;a aucune chance de se blesser la main avec un cutter ou un gel \u00e0 polir. Gr\u00e2ce \u00e0 des pieds stables et larges, le support ne vacille pas, ne glisse pas et ne raye pas la surface.   <\/p>\n<\/li>\n<li dir=\"ltr\" aria-level=\"1\">\n<p dir=\"ltr\" role=\"presentation\">\u00c9conomies d&rsquo;espace de travail. Gr\u00e2ce \u00e0 sa taille universelle, l&rsquo;espace libre sous l&rsquo;accoudoir est parfait pour y placer n&rsquo;importe quelle lampe ou capot de manucure. <\/p>\n<\/li>\n<li dir=\"ltr\" aria-level=\"1\">\n<p dir=\"ltr\" role=\"presentation\">Conception. Le design raffin\u00e9 et \u00e9l\u00e9gant des supports mettra parfaitement en valeur la personnalit\u00e9 du professionnel et l&rsquo;atmosph\u00e8re du salon, et fournira des images \u00e9clatantes pour votre portfolio sur les r\u00e9seaux sociaux. <\/p>\n<\/li>\n<\/ul>\n<p dir=\"ltr\">La gamme comprend des accoudoirs en 16 couleurs dans des bo\u00eetes de la marque SHEMAX. De plus, chaque support passe par un contr\u00f4le qualit\u00e9 en trois \u00e9tapes. <\/p>\n","protected":false},"excerpt":{"rendered":"<p><span class=\"VIpgJd-yAWNEb-VIpgJd-fmcmS-sn54Q\">Le support de manucure SheMax &#8211; un accessoire \u00e9l\u00e9gant et pratique pour les artistes ongulaires &#8211; assure la position la plus stable et confortable possible tout au long de la proc\u00e9dure.<\/span><\/p>\n","protected":false},"featured_media":33732,"comment_status":"open","ping_status":"closed","template":"","meta":{"_acf_changed":false,"site-sidebar-layout":"default","site-content-layout":"","ast-site-content-layout":"","site-content-style":"default","site-sidebar-style":"default","ast-global-header-display":"","ast-banner-title-visibility":"","ast-main-header-display":"","ast-hfb-above-header-display":"","ast-hfb-below-header-display":"","ast-hfb-mobile-header-display":"","site-post-title":"","ast-breadcrumbs-content":"","ast-featured-img":"","footer-sml-layout":"","theme-transparent-header-meta":"default","adv-header-id-meta":"","stick-header-meta":"default","header-above-stick-meta":"","header-main-stick-meta":"","header-below-stick-meta":"","astra-migrate-meta-layouts":"default","ast-page-background-enabled":"default","ast-page-background-meta":{"desktop":{"background-color":"","background-image":"","background-repeat":"repeat","background-position":"center center","background-size":"auto","background-attachment":"scroll","background-type":"","background-media":"","overlay-type":"","overlay-color":"","overlay-opacity":"","overlay-gradient":""},"tablet":{"background-color":"","background-image":"","background-repeat":"repeat","background-position":"center center","background-size":"auto","background-attachment":"scroll","background-type":"","background-media":"","overlay-type":"","overlay-color":"","overlay-opacity":"","overlay-gradient":""},"mobile":{"background-color":"","background-image":"","background-repeat":"repeat","background-position":"center center","background-size":"auto","background-attachment":"scroll","background-type":"","background-media":"","overlay-type":"","overlay-color":"","overlay-opacity":"","overlay-gradient":""}},"ast-content-background-meta":{"desktop":{"background-color":"var(--ast-global-color-5)","background-image":"","background-repeat":"repeat","background-position":"center center","background-size":"auto","background-attachment":"scroll","background-type":"","background-media":"","overlay-type":"","overlay-color":"","overlay-opacity":"","overlay-gradient":""},"tablet":{"background-color":"var(--ast-global-color-5)","background-image":"","background-repeat":"repeat","background-position":"center center","background-size":"auto","background-attachment":"scroll","background-type":"","background-media":"","overlay-type":"","overlay-color":"","overlay-opacity":"","overlay-gradient":""},"mobile":{"background-color":"var(--ast-global-color-5)","background-image":"","background-repeat":"repeat","background-position":"center center","background-size":"auto","background-attachment":"scroll","background-type":"","background-media":"","overlay-type":"","overlay-color":"","overlay-opacity":"","overlay-gradient":""}}},"product_brand":[],"product_cat":[191,206],"product_tag":[],"class_list":{"0":"post-34247","1":"product","2":"type-product","3":"status-publish","4":"has-post-thumbnail","6":"product_cat-shemax-fr","7":"product_cat-table-de-manucure","8":"desktop-align-left","9":"tablet-align-left","10":"mobile-align-left","11":"ast-product-gallery-layout-vertical","12":"ast-product-gallery-with-no-image","13":"ast-product-single-variable","14":"ast-product-tabs-layout-horizontal","15":"ast-qv-on-image","17":"first","18":"outofstock","19":"taxable","20":"shipping-taxable","21":"purchasable","22":"product-type-variable"},"acf":[],"_links":{"self":[{"href":"https:\/\/shop.eternalyouth.ch\/fr\/wp-json\/wp\/v2\/product\/34247","targetHints":{"allow":["GET"]}}],"collection":[{"href":"https:\/\/shop.eternalyouth.ch\/fr\/wp-json\/wp\/v2\/product"}],"about":[{"href":"https:\/\/shop.eternalyouth.ch\/fr\/wp-json\/wp\/v2\/types\/product"}],"replies":[{"embeddable":true,"href":"https:\/\/shop.eternalyouth.ch\/fr\/wp-json\/wp\/v2\/comments?post=34247"}],"wp:featuredmedia":[{"embeddable":true,"href":"https:\/\/shop.eternalyouth.ch\/fr\/wp-json\/wp\/v2\/media\/33732"}],"wp:attachment":[{"href":"https:\/\/shop.eternalyouth.ch\/fr\/wp-json\/wp\/v2\/media?parent=34247"}],"wp:term":[{"taxonomy":"product_brand","embeddable":true,"href":"https:\/\/shop.eternalyouth.ch\/fr\/wp-json\/wp\/v2\/product_brand?post=34247"},{"taxonomy":"product_cat","embeddable":true,"href":"https:\/\/shop.eternalyouth.ch\/fr\/wp-json\/wp\/v2\/product_cat?post=34247"},{"taxonomy":"product_tag","embeddable":true,"href":"https:\/\/shop.eternalyouth.ch\/fr\/wp-json\/wp\/v2\/product_tag?post=34247"}],"curies":[{"name":"wp","href":"https:\/\/api.w.org\/{rel}","templated":true}]}}