{"id":34243,"date":"2024-05-29T08:11:42","date_gmt":"2024-05-29T06:11:42","guid":{"rendered":"https:\/\/shop.eternalyouth.ch\/produkt\/collecteur-de-poussiere-style-xs-shemax\/"},"modified":"2024-05-29T08:11:42","modified_gmt":"2024-05-29T06:11:42","slug":"collecteur-de-poussiere-style-xs-shemax","status":"publish","type":"product","link":"https:\/\/shop.eternalyouth.ch\/fr\/produkt\/collecteur-de-poussiere-style-xs-shemax\/","title":{"rendered":"Collecteur de poussi\u00e8re &#8211; Style XS SHEMAX"},"content":{"rendered":"<h4><b>SheMax a lanc\u00e9 le plus petit collecteur de poussi\u00e8re pour manucure !<\/b><\/h4>\n<p>La puissance du nouveau XS a augment\u00e9 tandis que ses dimensions ont diminu\u00e9 !<\/p>\n<p>Les ing\u00e9nieurs de SheMax ont d\u00e9velopp\u00e9 un moteur petit, compact, l\u00e9ger et puissant<\/p>\n<p>Style XS pour les manucures qui disposent d&rsquo;un petit espace de travail, travaillent \u00e0 domicile ou se rendent chez leurs clients !<\/p>\n<p>&nbsp;<\/p>\n<p>Le flux d&rsquo;air est uniform\u00e9ment r\u00e9parti sur les c\u00f4t\u00e9s<\/p>\n<p>La poussi\u00e8re est collect\u00e9e dans un filtre facilement rempla\u00e7able<\/p>\n<p><img decoding=\"async\" class=\"size-medium wp-image-31301 alignleft\" src=\"https:\/\/shop.eternalyouth.ch\/wp-content\/uploads\/2024\/05\/77.00-300x148.png\" alt=\"\" width=\"300\" height=\"148\" srcset=\"https:\/\/shop.eternalyouth.ch\/wp-content\/uploads\/2024\/05\/77.00-300x148.png 300w, https:\/\/shop.eternalyouth.ch\/wp-content\/uploads\/2024\/05\/77.00-1024x507.png 1024w, https:\/\/shop.eternalyouth.ch\/wp-content\/uploads\/2024\/05\/77.00-768x380.png 768w, https:\/\/shop.eternalyouth.ch\/wp-content\/uploads\/2024\/05\/77.00-1536x760.png 1536w, https:\/\/shop.eternalyouth.ch\/wp-content\/uploads\/2024\/05\/77.00-600x297.png 600w, https:\/\/shop.eternalyouth.ch\/wp-content\/uploads\/2024\/05\/77.00.png 1920w\" sizes=\"(max-width: 300px) 100vw, 300px\" \/><\/p>\n","protected":false},"excerpt":{"rendered":"<p>SheMax a lanc\u00e9 le plus petit collecteur de poussi\u00e8re pour manucure ! La puissance du nouveau XS a augment\u00e9 tandis que ses dimensions ont diminu\u00e9 ! Les ing\u00e9nieurs de SheMax ont d\u00e9velopp\u00e9 un moteur petit, compact, l\u00e9ger et puissant Style XS pour les manucures qui disposent d&rsquo;un petit espace de travail, travaillent \u00e0 domicile ou [&hellip;]<\/p>\n","protected":false},"featured_media":33690,"comment_status":"open","ping_status":"closed","template":"","meta":{"_acf_changed":false,"site-sidebar-layout":"default","site-content-layout":"","ast-site-content-layout":"","site-content-style":"default","site-sidebar-style":"default","ast-global-header-display":"","ast-banner-title-visibility":"","ast-main-header-display":"","ast-hfb-above-header-display":"","ast-hfb-below-header-display":"","ast-hfb-mobile-header-display":"","site-post-title":"","ast-breadcrumbs-content":"","ast-featured-img":"","footer-sml-layout":"","theme-transparent-header-meta":"default","adv-header-id-meta":"","stick-header-meta":"default","header-above-stick-meta":"","header-main-stick-meta":"","header-below-stick-meta":"","astra-migrate-meta-layouts":"default","ast-page-background-enabled":"default","ast-page-background-meta":{"desktop":{"background-color":"","background-image":"","background-repeat":"repeat","background-position":"center center","background-size":"auto","background-attachment":"scroll","background-type":"","background-media":"","overlay-type":"","overlay-color":"","overlay-opacity":"","overlay-gradient":""},"tablet":{"background-color":"","background-image":"","background-repeat":"repeat","background-position":"center center","background-size":"auto","background-attachment":"scroll","background-type":"","background-media":"","overlay-type":"","overlay-color":"","overlay-opacity":"","overlay-gradient":""},"mobile":{"background-color":"","background-image":"","background-repeat":"repeat","background-position":"center center","background-size":"auto","background-attachment":"scroll","background-type":"","background-media":"","overlay-type":"","overlay-color":"","overlay-opacity":"","overlay-gradient":""}},"ast-content-background-meta":{"desktop":{"background-color":"var(--ast-global-color-5)","background-image":"","background-repeat":"repeat","background-position":"center center","background-size":"auto","background-attachment":"scroll","background-type":"","background-media":"","overlay-type":"","overlay-color":"","overlay-opacity":"","overlay-gradient":""},"tablet":{"background-color":"var(--ast-global-color-5)","background-image":"","background-repeat":"repeat","background-position":"center center","background-size":"auto","background-attachment":"scroll","background-type":"","background-media":"","overlay-type":"","overlay-color":"","overlay-opacity":"","overlay-gradient":""},"mobile":{"background-color":"var(--ast-global-color-5)","background-image":"","background-repeat":"repeat","background-position":"center center","background-size":"auto","background-attachment":"scroll","background-type":"","background-media":"","overlay-type":"","overlay-color":"","overlay-opacity":"","overlay-gradient":""}}},"product_brand":[],"product_cat":[192,191],"product_tag":[],"class_list":{"0":"post-34243","1":"product","2":"type-product","3":"status-publish","4":"has-post-thumbnail","6":"product_cat-collecteur-de-poussiere","7":"product_cat-shemax-fr","8":"desktop-align-left","9":"tablet-align-left","10":"mobile-align-left","11":"ast-product-gallery-layout-vertical","12":"ast-product-single-variable","13":"ast-product-tabs-layout-horizontal","14":"ast-qv-on-image","16":"first","17":"outofstock","18":"taxable","19":"shipping-taxable","20":"purchasable","21":"product-type-variable"},"acf":[],"_links":{"self":[{"href":"https:\/\/shop.eternalyouth.ch\/fr\/wp-json\/wp\/v2\/product\/34243","targetHints":{"allow":["GET"]}}],"collection":[{"href":"https:\/\/shop.eternalyouth.ch\/fr\/wp-json\/wp\/v2\/product"}],"about":[{"href":"https:\/\/shop.eternalyouth.ch\/fr\/wp-json\/wp\/v2\/types\/product"}],"replies":[{"embeddable":true,"href":"https:\/\/shop.eternalyouth.ch\/fr\/wp-json\/wp\/v2\/comments?post=34243"}],"wp:featuredmedia":[{"embeddable":true,"href":"https:\/\/shop.eternalyouth.ch\/fr\/wp-json\/wp\/v2\/media\/33690"}],"wp:attachment":[{"href":"https:\/\/shop.eternalyouth.ch\/fr\/wp-json\/wp\/v2\/media?parent=34243"}],"wp:term":[{"taxonomy":"product_brand","embeddable":true,"href":"https:\/\/shop.eternalyouth.ch\/fr\/wp-json\/wp\/v2\/product_brand?post=34243"},{"taxonomy":"product_cat","embeddable":true,"href":"https:\/\/shop.eternalyouth.ch\/fr\/wp-json\/wp\/v2\/product_cat?post=34243"},{"taxonomy":"product_tag","embeddable":true,"href":"https:\/\/shop.eternalyouth.ch\/fr\/wp-json\/wp\/v2\/product_tag?post=34243"}],"curies":[{"name":"wp","href":"https:\/\/api.w.org\/{rel}","templated":true}]}}