{"id":34220,"date":"2024-05-23T14:24:40","date_gmt":"2024-05-23T12:24:40","guid":{"rendered":"https:\/\/shop.eternalyouth.ch\/produkt\/fraise-diamantee-spherique-bleue-diametre-35-mm\/"},"modified":"2024-05-23T14:24:40","modified_gmt":"2024-05-23T12:24:40","slug":"fraise-diamantee-spherique-bleue-diametre-35-mm","status":"publish","type":"product","link":"https:\/\/shop.eternalyouth.ch\/fr\/produkt\/fraise-diamantee-spherique-bleue-diametre-35-mm\/","title":{"rendered":"Fraise diamant\u00e9e sph\u00e9rique bleue, diam\u00e8tre 3,5 mm"},"content":{"rendered":"","protected":false},"excerpt":{"rendered":"<p>Lors de la manucure :<\/p>\n<ul>\n<li>Soul\u00e8vement et ablation de la cuticule<\/li>\n<li>Traitement des cuticules lat\u00e9rales en p\u00e9dicure \/ podologie<\/li>\n<li>Traitement des fissures et des callosit\u00e9s<\/li>\n<li>Traitement de la peau corn\u00e9e des pieds<\/li>\n<li>Traitement des cors et de la peau entre les orteils<\/li>\n<\/ul>\n","protected":false},"featured_media":33526,"comment_status":"open","ping_status":"closed","template":"","meta":{"_acf_changed":false,"site-sidebar-layout":"default","site-content-layout":"","ast-site-content-layout":"","site-content-style":"default","site-sidebar-style":"default","ast-global-header-display":"","ast-banner-title-visibility":"","ast-main-header-display":"","ast-hfb-above-header-display":"","ast-hfb-below-header-display":"","ast-hfb-mobile-header-display":"","site-post-title":"","ast-breadcrumbs-content":"","ast-featured-img":"","footer-sml-layout":"","theme-transparent-header-meta":"default","adv-header-id-meta":"","stick-header-meta":"default","header-above-stick-meta":"","header-main-stick-meta":"","header-below-stick-meta":"","astra-migrate-meta-layouts":"default","ast-page-background-enabled":"default","ast-page-background-meta":{"desktop":{"background-color":"","background-image":"","background-repeat":"repeat","background-position":"center center","background-size":"auto","background-attachment":"scroll","background-type":"","background-media":"","overlay-type":"","overlay-color":"","overlay-opacity":"","overlay-gradient":""},"tablet":{"background-color":"","background-image":"","background-repeat":"repeat","background-position":"center center","background-size":"auto","background-attachment":"scroll","background-type":"","background-media":"","overlay-type":"","overlay-color":"","overlay-opacity":"","overlay-gradient":""},"mobile":{"background-color":"","background-image":"","background-repeat":"repeat","background-position":"center center","background-size":"auto","background-attachment":"scroll","background-type":"","background-media":"","overlay-type":"","overlay-color":"","overlay-opacity":"","overlay-gradient":""}},"ast-content-background-meta":{"desktop":{"background-color":"var(--ast-global-color-5)","background-image":"","background-repeat":"repeat","background-position":"center center","background-size":"auto","background-attachment":"scroll","background-type":"","background-media":"","overlay-type":"","overlay-color":"","overlay-opacity":"","overlay-gradient":""},"tablet":{"background-color":"var(--ast-global-color-5)","background-image":"","background-repeat":"repeat","background-position":"center center","background-size":"auto","background-attachment":"scroll","background-type":"","background-media":"","overlay-type":"","overlay-color":"","overlay-opacity":"","overlay-gradient":""},"mobile":{"background-color":"var(--ast-global-color-5)","background-image":"","background-repeat":"repeat","background-position":"center center","background-size":"auto","background-attachment":"scroll","background-type":"","background-media":"","overlay-type":"","overlay-color":"","overlay-opacity":"","overlay-gradient":""}}},"product_brand":[],"product_cat":[181,179,177],"product_tag":[],"class_list":{"0":"post-34220","1":"product","2":"type-product","3":"status-publish","4":"has-post-thumbnail","6":"product_cat-accessoires-et-entretien","7":"product_cat-limes-limes-de-rechange","8":"product_cat-staleks-fr","9":"desktop-align-left","10":"tablet-align-left","11":"mobile-align-left","12":"ast-product-gallery-layout-vertical","13":"ast-product-tabs-layout-horizontal","14":"ast-qv-on-image","16":"first","17":"instock","18":"taxable","19":"shipping-taxable","20":"purchasable","21":"product-type-simple"},"acf":[],"_links":{"self":[{"href":"https:\/\/shop.eternalyouth.ch\/fr\/wp-json\/wp\/v2\/product\/34220","targetHints":{"allow":["GET"]}}],"collection":[{"href":"https:\/\/shop.eternalyouth.ch\/fr\/wp-json\/wp\/v2\/product"}],"about":[{"href":"https:\/\/shop.eternalyouth.ch\/fr\/wp-json\/wp\/v2\/types\/product"}],"replies":[{"embeddable":true,"href":"https:\/\/shop.eternalyouth.ch\/fr\/wp-json\/wp\/v2\/comments?post=34220"}],"wp:featuredmedia":[{"embeddable":true,"href":"https:\/\/shop.eternalyouth.ch\/fr\/wp-json\/wp\/v2\/media\/33526"}],"wp:attachment":[{"href":"https:\/\/shop.eternalyouth.ch\/fr\/wp-json\/wp\/v2\/media?parent=34220"}],"wp:term":[{"taxonomy":"product_brand","embeddable":true,"href":"https:\/\/shop.eternalyouth.ch\/fr\/wp-json\/wp\/v2\/product_brand?post=34220"},{"taxonomy":"product_cat","embeddable":true,"href":"https:\/\/shop.eternalyouth.ch\/fr\/wp-json\/wp\/v2\/product_cat?post=34220"},{"taxonomy":"product_tag","embeddable":true,"href":"https:\/\/shop.eternalyouth.ch\/fr\/wp-json\/wp\/v2\/product_tag?post=34220"}],"curies":[{"name":"wp","href":"https:\/\/api.w.org\/{rel}","templated":true}]}}