{"id":34369,"date":"2024-04-15T10:24:19","date_gmt":"2024-04-15T08:24:19","guid":{"rendered":"https:\/\/shop.eternalyouth.ch\/politique-de-confidentialite\/"},"modified":"2025-04-18T15:03:28","modified_gmt":"2025-04-18T13:03:28","slug":"politique-de-confidentialite","status":"publish","type":"page","link":"https:\/\/shop.eternalyouth.ch\/fr\/politique-de-confidentialite\/","title":{"rendered":"Politique de Confidentialit\u00e9"},"content":{"rendered":"\t\t<div data-elementor-type=\"wp-page\" data-elementor-id=\"34369\" class=\"elementor elementor-34369 elementor-29719\">\n\t\t\t\t\t\t<section class=\"elementor-section elementor-top-section elementor-element elementor-element-8e25e36 elementor-section-boxed elementor-section-height-default elementor-section-height-default\" data-id=\"8e25e36\" data-element_type=\"section\" data-e-type=\"section\" data-settings=\"{&quot;background_background&quot;:&quot;classic&quot;}\">\n\t\t\t\t\t\t<div class=\"elementor-container elementor-column-gap-no\">\n\t\t\t\t\t<div class=\"elementor-column elementor-col-100 elementor-top-column elementor-element elementor-element-98cdb69\" data-id=\"98cdb69\" data-element_type=\"column\" data-e-type=\"column\">\n\t\t\t<div class=\"elementor-widget-wrap elementor-element-populated\">\n\t\t\t\t\t\t<div class=\"elementor-element elementor-element-7499b8c elementor-widget elementor-widget-heading\" data-id=\"7499b8c\" data-element_type=\"widget\" data-e-type=\"widget\" data-widget_type=\"heading.default\">\n\t\t\t\t<div class=\"elementor-widget-container\">\n\t\t\t\t\t<h1 class=\"elementor-heading-title elementor-size-default\">Politique de Confidentialit\u00e9<\/h1>\t\t\t\t<\/div>\n\t\t\t\t<\/div>\n\t\t\t\t<div class=\"elementor-element elementor-element-b00318b elementor-widget-divider--view-line elementor-widget elementor-widget-divider\" data-id=\"b00318b\" data-element_type=\"widget\" data-e-type=\"widget\" data-widget_type=\"divider.default\">\n\t\t\t\t<div class=\"elementor-widget-container\">\n\t\t\t\t\t\t\t<div class=\"elementor-divider\">\n\t\t\t<span class=\"elementor-divider-separator\">\n\t\t\t\t\t\t<\/span>\n\t\t<\/div>\n\t\t\t\t\t\t<\/div>\n\t\t\t\t<\/div>\n\t\t\t\t\t<\/div>\n\t\t<\/div>\n\t\t\t\t\t<\/div>\n\t\t<\/section>\n\t\t<div class=\"elementor-element elementor-element-4fb565d e-flex e-con-boxed e-con e-parent\" data-id=\"4fb565d\" data-element_type=\"container\" data-e-type=\"container\" data-settings=\"{&quot;background_background&quot;:&quot;classic&quot;}\">\n\t\t\t\t\t<div class=\"e-con-inner\">\n\t\t\t\t<div class=\"elementor-element elementor-element-c7c5558 elementor-widget elementor-widget-text-editor\" data-id=\"c7c5558\" data-element_type=\"widget\" data-e-type=\"widget\" data-widget_type=\"text-editor.default\">\n\t\t\t\t<div class=\"elementor-widget-container\">\n\t\t\t\t\t\t\t\t\t<p><strong><span class=\"\">Politique de Confidentialit\u00e9 d&rsquo;Eternal Youth AG<\/span><\/strong><\/p><p><span class=\"\">La pr\u00e9sente politique de confidentialit\u00e9 d\u00e9crit la mani\u00e8re dont vos donn\u00e9es personnelles sont collect\u00e9es, utilis\u00e9es et partag\u00e9es lorsque vous visitez ou effectuez un achat sur shop.eternalyouth.ch (le \u00ab Site \u00bb).<\/span><\/p><p><strong><span class=\"\">INFORMATIONS PERSONNELLES COLLECT\u00c9ES<\/span><\/strong><\/p><p><span class=\"\">Lorsque vous visitez le Site, nous collectons automatiquement certaines informations concernant votre appareil, notamment des informations sur votre navigateur web, votre adresse IP, votre fuseau horaire et certains des cookies install\u00e9s sur votre appareil. En outre, lorsque vous naviguez sur le Site, nous recueillons des informations sur les pages web ou les produits individuels que vous consultez, les sites web ou les termes de recherche qui vous ont conduit au Site, ainsi que des informations sur la mani\u00e8re dont vous interagissez avec le Site. Nous d\u00e9signons ces informations collect\u00e9es automatiquement comme \u00ab Informations sur l&rsquo;Appareil \u00bb.  <\/span><\/p><p><span class=\"\">Nous collectons les Informations sur l&rsquo;Appareil \u00e0 l&rsquo;aide des technologies suivantes :<\/span><\/p><p><strong><span class=\"\">COOKIES<\/span><\/strong><\/p><p>Ce site web utilise des cookies. Il s&rsquo;agit de petits fichiers textes qui permettent de stocker des informations sp\u00e9cifiques relatives \u00e0 l&rsquo;utilisateur sur son terminal lorsqu&rsquo;il utilise le site web. Les cookies permettent notamment de d\u00e9terminer la fr\u00e9quence d&rsquo;utilisation et le nombre d&rsquo;utilisateurs des pages, d&rsquo;analyser les comportements d&rsquo;utilisation du site, mais aussi de rendre notre offre plus conviviale. Les cookies restent stock\u00e9s au-del\u00e0 de la fin d&rsquo;une session de navigation et peuvent \u00eatre rappel\u00e9s lors d&rsquo;une nouvelle visite du site. Si vous ne le souhaitez pas, vous devez configurer votre navigateur Internet pour qu&rsquo;il refuse l&rsquo;acceptation des cookies.    <\/p><p>Une objection g\u00e9n\u00e9rale \u00e0 l&rsquo;utilisation des cookies \u00e0 des fins de marketing en ligne peut \u00eatre d\u00e9clar\u00e9e pour de nombreux services, en particulier dans le cas du tracking, via le site am\u00e9ricain <a href=\"https:\/\/optout.aboutads.info\/\">https:\/\/optout.aboutads.info<\/a> ou le site europ\u00e9en <a href=\"http:\/\/www.youronlinechoices.com\/\">http:\/\/www.youronlinechoices.com<\/a>. En outre, le stockage des cookies peut \u00eatre d\u00e9sactiv\u00e9 dans les param\u00e8tres du navigateur. Veuillez noter que dans ce cas, il est possible que toutes les fonctionnalit\u00e9s de cette offre en ligne ne puissent pas \u00eatre utilis\u00e9es.  <\/p><p><span class=\"\">Panier, identifiant unique, persiste pendant 2 semaines et stocke les informations relatives \u00e0 votre panier.<\/span><\/p><p><span class=\"\">_secure_session_id, identifiant de session unique.<\/span><\/p><p><span class=\"\">Storefront_digest, identifiant unique, ind\u00e9fini. Si la boutique est prot\u00e9g\u00e9e par un mot de passe, il est utilis\u00e9 pour d\u00e9terminer si le visiteur actuel a acc\u00e8s. <\/span><br><span class=\"\">&#8211; Les \u00ab fichiers journaux \u00bb suivent les activit\u00e9s sur le Site et collectent des donn\u00e9es telles que votre adresse IP, le type de navigateur que vous utilisez, votre fournisseur d&rsquo;acc\u00e8s Internet, vos pages de r\u00e9f\u00e9rence et de sortie, ainsi que vos donn\u00e9es d&rsquo;horodatage (date et heure).<\/span><br><span class=\"\">&#8211; Les \u00ab balises web \u00bb, \u00ab tags \u00bb et \u00ab pixels \u00bb sont des fichiers \u00e9lectroniques qui enregistrent des informations sur la mani\u00e8re dont vous naviguez sur le Site.<\/span><\/p><p><span class=\"\">Lorsque vous effectuez un achat ou tentez d&rsquo;effectuer un achat via le Site, nous collectons \u00e9galement certaines informations vous concernant, y compris votre nom, votre adresse de facturation, votre adresse de livraison et vos informations de paiement (y compris vos num\u00e9ros de t\u00e9l\u00e9phone). PAIEMENT, LE CAS \u00c9CH\u00c9ANT] <\/span><\/p><p><span class=\"\">] <\/span><span class=\"\">, votre adresse e-mail et votre num\u00e9ro de t\u00e9l\u00e9phone. Ces informations collect\u00e9es automatiquement sont d\u00e9sign\u00e9es comme \u00ab Informations de Commande \u00bb. <\/span><\/p><p><strong><span class=\"\">COMMENT UTILISONS-NOUS VOS DONN\u00c9ES PERSONNELLES ?<\/span><\/strong><\/p><p><span class=\"\">En g\u00e9n\u00e9ral, nous utilisons les Informations de Commande que nous collectons pour traiter les commandes pass\u00e9es via le Site (y compris le traitement de vos informations de paiement, l&rsquo;organisation de l&rsquo;exp\u00e9dition de votre commande et la fourniture de factures et\/ou de confirmations de commande). De plus, nous utilisons ces Informations de Commande pour :  <\/span><br><span class=\"\">communiquer avec vous ;<\/span><br><span class=\"\">\u00e9valuer les risques potentiels de fraude ; et<\/span><br><span class=\"\">lorsque cela est conforme aux pr\u00e9f\u00e9rences que vous nous avez communiqu\u00e9es, vous fournir des informations ou de la publicit\u00e9 concernant nos produits ou services.<\/span><\/p><p><span class=\"\">Nous utilisons les Informations sur l&rsquo;Appareil que nous collectons (en particulier votre adresse IP) pour \u00e9valuer les risques potentiels de fraude et, plus g\u00e9n\u00e9ralement, pour am\u00e9liorer et optimiser notre Site (par exemple, en g\u00e9n\u00e9rant des analyses sur la mani\u00e8re dont nos clients naviguent et interagissent avec le Site, et pour \u00e9valuer le succ\u00e8s de nos campagnes publicitaires et marketing). <\/span><\/p><p><strong><span class=\"\">PARTAGE DE VOS DONN\u00c9ES PERSONNELLES<\/span><\/strong><\/p><p><span class=\"\">Nous partageons vos donn\u00e9es personnelles avec des tiers qui nous aident \u00e0 les utiliser aux fins d\u00e9crites ci-dessus. Par exemple, nous utilisons Shopify pour h\u00e9berger notre boutique en ligne &#8211; pour en savoir plus sur l&rsquo;utilisation de vos donn\u00e9es personnelles par Shopify, veuillez consulter : https:\/\/www.shopify.fr\/legal\/confidentialite. Nous utilisons \u00e9galement Google Analytics pour mieux comprendre comment nos clients utilisent le site web. Pour en savoir plus sur l&rsquo;utilisation de vos donn\u00e9es personnelles par Google, veuillez consulter : https:\/\/www.google.com\/intl\/fr\/policies\/privacy\/. Vous pouvez \u00e9galement d\u00e9sactiver Google Analytics ici : https:\/\/tools.google.com\/dlpage\/gaoptout.  <\/span><\/p><p><span class=\"\">Enfin, nous pouvons \u00e9galement partager vos donn\u00e9es personnelles pour nous conformer aux lois et r\u00e9glementations en vigueur, pour r\u00e9pondre \u00e0 une assignation, un mandat de perquisition ou toute autre demande l\u00e9gale d&rsquo;informations que nous recevons, ou pour prot\u00e9ger nos droits.<\/span><\/p><p><strong>PUBLICIT\u00c9 COMPORTEMENTALE<\/strong><\/p><p>Comme mentionn\u00e9 ci-dessus, nous utilisons vos donn\u00e9es personnelles pour vous fournir des publicit\u00e9s cibl\u00e9es ou des messages marketing que nous pensons susceptibles de vous int\u00e9resser. Pour en savoir plus sur le fonctionnement de la publicit\u00e9 cibl\u00e9e, vous pouvez consulter la page d&rsquo;information de la Network Advertising Initiative (NAI) \u00e0 l&rsquo;adresse suivante : http:\/\/www.networkadvertising.org\/understanding-online-advertising\/how-does-it-work. <\/p><p><strong>Vous pouvez d\u00e9sactiver la publicit\u00e9 cibl\u00e9e ici :<\/strong><\/p><p>FACEBOOK \u2013 https:\/\/www.facebook.com\/settings\/?tab=ads<br>GOOGLE \u2013 https:\/\/www.google.com\/settings\/ads\/anonymous<br>BING \u2013 https:\/\/advertise.bingads.microsoft.com\/fr-fr\/ressources\/politiques\/annonces-personnalisees<\/p><p>En outre, vous pouvez vous d\u00e9sinscrire de certains de ces services en visitant le portail de d\u00e9sactivation de la Digital Advertising Alliance \u00e0 l&rsquo;adresse suivante : https:\/\/optout.aboutads.info\/?c=3&amp;lang=fr.<\/p><p><strong>NE PAS SUIVRE<\/strong><\/p><p>Veuillez noter que nous ne modifions pas les pratiques de collecte et d&rsquo;utilisation des donn\u00e9es de notre site web lorsque nous d\u00e9tectons un signal \u00ab\u00a0Ne pas suivre\u00a0\u00bb dans votre navigateur.<\/p><p><strong>VOS DROITS<\/strong><\/p><p>Si vous r\u00e9sidez en Europe, vous avez le droit d&rsquo;acc\u00e9der aux donn\u00e9es personnelles que nous d\u00e9tenons \u00e0 votre sujet et vous pouvez demander qu&rsquo;elles soient corrig\u00e9es, mises \u00e0 jour ou supprim\u00e9es. Si vous souhaitez exercer ce droit, veuillez nous contacter en utilisant les coordonn\u00e9es fournies ci-dessous.<br>Si vous r\u00e9sidez en Europe, veuillez \u00e9galement noter que nous traitons vos donn\u00e9es afin de remplir nos obligations contractuelles envers vous (par exemple, lorsque vous passez une commande sur le site web) ou pour poursuivre nos int\u00e9r\u00eats commerciaux l\u00e9gitimes \u00e9num\u00e9r\u00e9s ci-dessus. Veuillez \u00e9galement noter que vos informations seront transf\u00e9r\u00e9es hors d&rsquo;Europe, y compris au Canada et aux \u00c9tats-Unis.  <\/p><p><strong>CONSERVATION DES DONN\u00c9ES<\/strong><\/p><p>Lorsque vous passez une commande via le site web, nous conservons vos informations de commande, sauf si vous nous demandez de les supprimer.<\/p><p><strong>MODIFICATIONS<\/strong><\/p><p>Nous pouvons modifier cette politique de confidentialit\u00e9 de temps \u00e0 autre, par exemple pour tenir compte des changements dans nos pratiques ou pour d&rsquo;autres raisons op\u00e9rationnelles, juridiques ou r\u00e9glementaires.<\/p><p><strong>CONTACTEZ-NOUS<\/strong><\/p><p>Pour plus d&rsquo;informations sur nos pratiques de confidentialit\u00e9, si vous avez des questions ou si vous souhaitez d\u00e9poser une plainte, veuillez nous contacter par e-mail \u00e0 info@eternalyouth.ch ou par courrier \u00e0 l&rsquo;adresse suivante :<\/p><p>Badenerstrasse 50, 8952 Schlieren, Suisse<\/p><p>Eternal Youth AG &#8211; Num\u00e9ro d&rsquo;identification : CHE-101.114.374<\/p>\t\t\t\t\t\t\t\t<\/div>\n\t\t\t\t<\/div>\n\t\t\t\t\t<\/div>\n\t\t\t\t<\/div>\n\t\t\t\t<\/div>\n\t\t","protected":false},"excerpt":{"rendered":"<p>Politique de Confidentialit\u00e9 Politique de Confidentialit\u00e9 d&rsquo;Eternal Youth AG La pr\u00e9sente politique de confidentialit\u00e9 d\u00e9crit la mani\u00e8re dont vos donn\u00e9es personnelles sont collect\u00e9es, utilis\u00e9es et partag\u00e9es lorsque vous visitez ou effectuez un achat sur shop.eternalyouth.ch (le \u00ab Site \u00bb). INFORMATIONS PERSONNELLES COLLECT\u00c9ES Lorsque vous visitez le Site, nous collectons automatiquement certaines informations concernant votre appareil, [&hellip;]<\/p>\n","protected":false},"author":1,"featured_media":0,"parent":0,"menu_order":0,"comment_status":"closed","ping_status":"closed","template":"","meta":{"_acf_changed":false,"site-sidebar-layout":"no-sidebar","site-content-layout":"page-builder","ast-site-content-layout":"","site-content-style":"default","site-sidebar-style":"default","ast-global-header-display":"","ast-banner-title-visibility":"","ast-main-header-display":"","ast-hfb-above-header-display":"","ast-hfb-below-header-display":"","ast-hfb-mobile-header-display":"","site-post-title":"disabled","ast-breadcrumbs-content":"disabled","ast-featured-img":"disabled","footer-sml-layout":"","theme-transparent-header-meta":"enabled","adv-header-id-meta":"","stick-header-meta":"","header-above-stick-meta":"","header-main-stick-meta":"","header-below-stick-meta":"","astra-migrate-meta-layouts":"default","ast-page-background-enabled":"default","ast-page-background-meta":{"desktop":{"background-color":"","background-image":"","background-repeat":"repeat","background-position":"center center","background-size":"auto","background-attachment":"scroll","background-type":"","background-media":"","overlay-type":"","overlay-color":"","overlay-opacity":"","overlay-gradient":""},"tablet":{"background-color":"","background-image":"","background-repeat":"repeat","background-position":"center center","background-size":"auto","background-attachment":"scroll","background-type":"","background-media":"","overlay-type":"","overlay-color":"","overlay-opacity":"","overlay-gradient":""},"mobile":{"background-color":"","background-image":"","background-repeat":"repeat","background-position":"center center","background-size":"auto","background-attachment":"scroll","background-type":"","background-media":"","overlay-type":"","overlay-color":"","overlay-opacity":"","overlay-gradient":""}},"ast-content-background-meta":{"desktop":{"background-color":"var(--ast-global-color-5)","background-image":"","background-repeat":"repeat","background-position":"center center","background-size":"auto","background-attachment":"scroll","background-type":"","background-media":"","overlay-type":"","overlay-color":"","overlay-opacity":"","overlay-gradient":""},"tablet":{"background-color":"var(--ast-global-color-5)","background-image":"","background-repeat":"repeat","background-position":"center center","background-size":"auto","background-attachment":"scroll","background-type":"","background-media":"","overlay-type":"","overlay-color":"","overlay-opacity":"","overlay-gradient":""},"mobile":{"background-color":"var(--ast-global-color-5)","background-image":"","background-repeat":"repeat","background-position":"center center","background-size":"auto","background-attachment":"scroll","background-type":"","background-media":"","overlay-type":"","overlay-color":"","overlay-opacity":"","overlay-gradient":""}},"footnotes":""},"class_list":["post-34369","page","type-page","status-publish","hentry"],"acf":[],"_links":{"self":[{"href":"https:\/\/shop.eternalyouth.ch\/fr\/wp-json\/wp\/v2\/pages\/34369","targetHints":{"allow":["GET"]}}],"collection":[{"href":"https:\/\/shop.eternalyouth.ch\/fr\/wp-json\/wp\/v2\/pages"}],"about":[{"href":"https:\/\/shop.eternalyouth.ch\/fr\/wp-json\/wp\/v2\/types\/page"}],"author":[{"embeddable":true,"href":"https:\/\/shop.eternalyouth.ch\/fr\/wp-json\/wp\/v2\/users\/1"}],"replies":[{"embeddable":true,"href":"https:\/\/shop.eternalyouth.ch\/fr\/wp-json\/wp\/v2\/comments?post=34369"}],"version-history":[{"count":1,"href":"https:\/\/shop.eternalyouth.ch\/fr\/wp-json\/wp\/v2\/pages\/34369\/revisions"}],"predecessor-version":[{"id":34371,"href":"https:\/\/shop.eternalyouth.ch\/fr\/wp-json\/wp\/v2\/pages\/34369\/revisions\/34371"}],"wp:attachment":[{"href":"https:\/\/shop.eternalyouth.ch\/fr\/wp-json\/wp\/v2\/media?parent=34369"}],"curies":[{"name":"wp","href":"https:\/\/api.w.org\/{rel}","templated":true}]}}