{"id":34365,"date":"2024-04-09T15:35:14","date_gmt":"2024-04-09T13:35:14","guid":{"rendered":"https:\/\/shop.eternalyouth.ch\/staleks\/"},"modified":"2025-04-18T15:03:24","modified_gmt":"2025-04-18T13:03:24","slug":"staleks","status":"publish","type":"page","link":"https:\/\/shop.eternalyouth.ch\/fr\/produits\/staleks\/","title":{"rendered":"Staleks"},"content":{"rendered":"\t\t<div data-elementor-type=\"wp-page\" data-elementor-id=\"34365\" class=\"elementor elementor-34365 elementor-29464\">\n\t\t\t\t\t\t<section class=\"elementor-section elementor-top-section elementor-element elementor-element-8e25e36 elementor-section-boxed elementor-section-height-default elementor-section-height-default\" data-id=\"8e25e36\" data-element_type=\"section\" data-e-type=\"section\" data-settings=\"{&quot;background_background&quot;:&quot;classic&quot;}\">\n\t\t\t\t\t\t<div class=\"elementor-container elementor-column-gap-no\">\n\t\t\t\t\t<div class=\"elementor-column elementor-col-100 elementor-top-column elementor-element elementor-element-98cdb69\" data-id=\"98cdb69\" data-element_type=\"column\" data-e-type=\"column\">\n\t\t\t<div class=\"elementor-widget-wrap elementor-element-populated\">\n\t\t\t\t\t\t<div class=\"elementor-element elementor-element-7499b8c elementor-widget elementor-widget-heading\" data-id=\"7499b8c\" data-element_type=\"widget\" data-e-type=\"widget\" data-widget_type=\"heading.default\">\n\t\t\t\t<div class=\"elementor-widget-container\">\n\t\t\t\t\t<h1 class=\"elementor-heading-title elementor-size-default\">Soci\u00e9t\u00e9 Staleks<\/h1>\t\t\t\t<\/div>\n\t\t\t\t<\/div>\n\t\t\t\t<div class=\"elementor-element elementor-element-b00318b elementor-widget-divider--view-line elementor-widget elementor-widget-divider\" data-id=\"b00318b\" data-element_type=\"widget\" data-e-type=\"widget\" data-widget_type=\"divider.default\">\n\t\t\t\t<div class=\"elementor-widget-container\">\n\t\t\t\t\t\t\t<div class=\"elementor-divider\">\n\t\t\t<span class=\"elementor-divider-separator\">\n\t\t\t\t\t\t<\/span>\n\t\t<\/div>\n\t\t\t\t\t\t<\/div>\n\t\t\t\t<\/div>\n\t\t\t\t\t<\/div>\n\t\t<\/div>\n\t\t\t\t\t<\/div>\n\t\t<\/section>\n\t\t\t\t<section class=\"elementor-section elementor-top-section elementor-element elementor-element-31d48bb elementor-section-boxed elementor-section-height-default elementor-section-height-default\" data-id=\"31d48bb\" data-element_type=\"section\" data-e-type=\"section\" data-settings=\"{&quot;background_background&quot;:&quot;gradient&quot;}\">\n\t\t\t\t\t\t<div class=\"elementor-container elementor-column-gap-no\">\n\t\t\t\t\t<div class=\"elementor-column elementor-col-100 elementor-top-column elementor-element elementor-element-9c409ec\" data-id=\"9c409ec\" data-element_type=\"column\" data-e-type=\"column\">\n\t\t\t<div class=\"elementor-widget-wrap elementor-element-populated\">\n\t\t\t\t\t\t<div class=\"elementor-element elementor-element-fe5d646 uael-woo-cat-title-pos-below-image uael-woo-category-grid uael-woo-cat--align-center elementor-invisible elementor-widget elementor-widget-uael-woo-categories\" data-id=\"fe5d646\" data-element_type=\"widget\" data-e-type=\"widget\" data-settings=\"{&quot;_animation&quot;:&quot;zoomIn&quot;,&quot;cat_columns&quot;:&quot;5&quot;,&quot;cat_columns_tablet&quot;:&quot;3&quot;,&quot;cat_columns_mobile&quot;:&quot;2&quot;,&quot;column_gap&quot;:{&quot;unit&quot;:&quot;px&quot;,&quot;size&quot;:20,&quot;sizes&quot;:[]},&quot;column_gap_tablet&quot;:{&quot;unit&quot;:&quot;px&quot;,&quot;size&quot;:&quot;&quot;,&quot;sizes&quot;:[]},&quot;column_gap_mobile&quot;:{&quot;unit&quot;:&quot;px&quot;,&quot;size&quot;:&quot;&quot;,&quot;sizes&quot;:[]},&quot;row_gap&quot;:{&quot;unit&quot;:&quot;px&quot;,&quot;size&quot;:35,&quot;sizes&quot;:[]},&quot;row_gap_tablet&quot;:{&quot;unit&quot;:&quot;px&quot;,&quot;size&quot;:&quot;&quot;,&quot;sizes&quot;:[]},&quot;row_gap_mobile&quot;:{&quot;unit&quot;:&quot;px&quot;,&quot;size&quot;:&quot;&quot;,&quot;sizes&quot;:[]}}\" data-widget_type=\"uael-woo-categories.default\">\n\t\t\t\t<div class=\"elementor-widget-container\">\n\t\t\t\t\t<div class=\"uael-woo-categories uael-woo-categories-grid uael-woocommerce\"><div class=\"uael-woo-categories-inner  uael-woo-cat__column-5 uael-woo-cat__column-tablet-3 uael-woo-cat__column-mobile-2\"><ul class=\"products columns-5\">\n<li class=\"product-category product first\">\n\t<a href=\"https:\/\/shop.eternalyouth.ch\/fr\/produkt-kategorie\/staleks-fr\/accessoires-et-entretien\/\"><div class=\"uael-product-cat-inner\"><img fetchpriority=\"high\" decoding=\"async\" src=\"https:\/\/shop.eternalyouth.ch\/wp-content\/uploads\/2024\/05\/accesoires-and-care-552046-300x300.png\" alt=\"Accessoires et entretien\" width=\"300\" height=\"300\" srcset=\"https:\/\/shop.eternalyouth.ch\/wp-content\/uploads\/2024\/05\/accesoires-and-care-552046-300x300.png 300w, https:\/\/shop.eternalyouth.ch\/wp-content\/uploads\/2024\/05\/accesoires-and-care-552046-150x150.png 150w, https:\/\/shop.eternalyouth.ch\/wp-content\/uploads\/2024\/05\/accesoires-and-care-552046-100x100.png 100w, https:\/\/shop.eternalyouth.ch\/wp-content\/uploads\/2024\/05\/accesoires-and-care-552046-50x50.png 50w\" sizes=\"(max-width: 300px) 100vw, 300px\" \/><div class=\"uael-category__title-wrap\"><h2 class=\"woocommerce-loop-category__title\">Accessoires et entretien<\/h2><mark class=\"uael-count\">29 Products<\/mark><\/div><\/div><\/a><\/li>\n<li class=\"product-category product\">\n\t<a href=\"https:\/\/shop.eternalyouth.ch\/fr\/produkt-kategorie\/staleks-fr\/ciseaux\/\"><div class=\"uael-product-cat-inner\"><img decoding=\"async\" src=\"https:\/\/shop.eternalyouth.ch\/wp-content\/uploads\/2024\/05\/scissors-914002-300x300.png\" alt=\"Ciseaux\" width=\"300\" height=\"300\" srcset=\"https:\/\/shop.eternalyouth.ch\/wp-content\/uploads\/2024\/05\/scissors-914002-300x300.png 300w, https:\/\/shop.eternalyouth.ch\/wp-content\/uploads\/2024\/05\/scissors-914002-150x150.png 150w, https:\/\/shop.eternalyouth.ch\/wp-content\/uploads\/2024\/05\/scissors-914002-100x100.png 100w, https:\/\/shop.eternalyouth.ch\/wp-content\/uploads\/2024\/05\/scissors-914002-50x50.png 50w\" sizes=\"(max-width: 300px) 100vw, 300px\" \/><div class=\"uael-category__title-wrap\"><h2 class=\"woocommerce-loop-category__title\">Ciseaux<\/h2><mark class=\"uael-count\">14 Products<\/mark><\/div><\/div><\/a><\/li>\n<li class=\"product-category product\">\n\t<a href=\"https:\/\/shop.eternalyouth.ch\/fr\/produkt-kategorie\/staleks-fr\/limes-limes-de-rechange\/\"><div class=\"uael-product-cat-inner\"><img decoding=\"async\" src=\"https:\/\/shop.eternalyouth.ch\/wp-content\/uploads\/2024\/05\/abrasives-694930-300x300.png\" alt=\"Limes\/Limes de rechange\" width=\"300\" height=\"300\" srcset=\"https:\/\/shop.eternalyouth.ch\/wp-content\/uploads\/2024\/05\/abrasives-694930-300x300.png 300w, https:\/\/shop.eternalyouth.ch\/wp-content\/uploads\/2024\/05\/abrasives-694930-150x150.png 150w, https:\/\/shop.eternalyouth.ch\/wp-content\/uploads\/2024\/05\/abrasives-694930-100x100.png 100w, https:\/\/shop.eternalyouth.ch\/wp-content\/uploads\/2024\/05\/abrasives-694930-50x50.png 50w\" sizes=\"(max-width: 300px) 100vw, 300px\" \/><div class=\"uael-category__title-wrap\"><h2 class=\"woocommerce-loop-category__title\">Limes\/Limes de rechange<\/h2><mark class=\"uael-count\">45 Products<\/mark><\/div><\/div><\/a><\/li>\n<li class=\"product-category product\">\n\t<a href=\"https:\/\/shop.eternalyouth.ch\/fr\/produkt-kategorie\/staleks-fr\/pinces-a-ongles-et-a-peau\/\"><div class=\"uael-product-cat-inner\"><img loading=\"lazy\" decoding=\"async\" src=\"https:\/\/shop.eternalyouth.ch\/wp-content\/uploads\/2024\/05\/nippers-508582-300x300.png\" alt=\"Pinces \u00e0 ongles et \u00e0 peau\" width=\"300\" height=\"300\" srcset=\"https:\/\/shop.eternalyouth.ch\/wp-content\/uploads\/2024\/05\/nippers-508582-300x300.png 300w, https:\/\/shop.eternalyouth.ch\/wp-content\/uploads\/2024\/05\/nippers-508582-150x150.png 150w, https:\/\/shop.eternalyouth.ch\/wp-content\/uploads\/2024\/05\/nippers-508582-100x100.png 100w, https:\/\/shop.eternalyouth.ch\/wp-content\/uploads\/2024\/05\/nippers-508582-50x50.png 50w\" sizes=\"(max-width: 300px) 100vw, 300px\" \/><div class=\"uael-category__title-wrap\"><h2 class=\"woocommerce-loop-category__title\">Pinces \u00e0 ongles et \u00e0 peau<\/h2><mark class=\"uael-count\">9 Products<\/mark><\/div><\/div><\/a><\/li>\n<li class=\"product-category product last\">\n\t<a href=\"https:\/\/shop.eternalyouth.ch\/fr\/produkt-kategorie\/staleks-fr\/poussoir\/\"><div class=\"uael-product-cat-inner\"><img loading=\"lazy\" decoding=\"async\" src=\"https:\/\/shop.eternalyouth.ch\/wp-content\/uploads\/2024\/05\/pushers-218918-1-300x300.png\" alt=\"Poussoir\" width=\"300\" height=\"300\" srcset=\"https:\/\/shop.eternalyouth.ch\/wp-content\/uploads\/2024\/05\/pushers-218918-1-300x300.png 300w, https:\/\/shop.eternalyouth.ch\/wp-content\/uploads\/2024\/05\/pushers-218918-1-150x150.png 150w, https:\/\/shop.eternalyouth.ch\/wp-content\/uploads\/2024\/05\/pushers-218918-1-100x100.png 100w, https:\/\/shop.eternalyouth.ch\/wp-content\/uploads\/2024\/05\/pushers-218918-1-50x50.png 50w\" sizes=\"(max-width: 300px) 100vw, 300px\" \/><div class=\"uael-category__title-wrap\"><h2 class=\"woocommerce-loop-category__title\">Poussoir<\/h2><mark class=\"uael-count\">15 Products<\/mark><\/div><\/div><\/a><\/li>\n<\/ul>\n<\/div><\/div>\t\t\t\t<\/div>\n\t\t\t\t<\/div>\n\t\t\t\t\t<\/div>\n\t\t<\/div>\n\t\t\t\t\t<\/div>\n\t\t<\/section>\n\t\t<div class=\"elementor-element elementor-element-c38bd4f e-flex e-con-boxed elementor-invisible e-con e-parent\" data-id=\"c38bd4f\" data-element_type=\"container\" data-e-type=\"container\" data-settings=\"{&quot;animation&quot;:&quot;zoomIn&quot;}\">\n\t\t\t\t\t<div class=\"e-con-inner\">\n\t\t\t\t<div class=\"elementor-element elementor-element-7437faf elementor-widget elementor-widget-heading\" data-id=\"7437faf\" data-element_type=\"widget\" data-e-type=\"widget\" data-widget_type=\"heading.default\">\n\t\t\t\t<div class=\"elementor-widget-container\">\n\t\t\t\t\t<h1 class=\"elementor-heading-title elementor-size-default\">Histoire de la Soci\u00e9t\u00e9 Staleks<\/h1>\t\t\t\t<\/div>\n\t\t\t\t<\/div>\n\t\t\t\t<div class=\"elementor-element elementor-element-7863dd3 elementor-widget-divider--view-line elementor-widget elementor-widget-divider\" data-id=\"7863dd3\" data-element_type=\"widget\" data-e-type=\"widget\" data-widget_type=\"divider.default\">\n\t\t\t\t<div class=\"elementor-widget-container\">\n\t\t\t\t\t\t\t<div class=\"elementor-divider\">\n\t\t\t<span class=\"elementor-divider-separator\">\n\t\t\t\t\t\t<\/span>\n\t\t<\/div>\n\t\t\t\t\t\t<\/div>\n\t\t\t\t<\/div>\n\t\t\t\t<div class=\"elementor-element elementor-element-e18de4a elementor-widget elementor-widget-heading\" data-id=\"e18de4a\" data-element_type=\"widget\" data-e-type=\"widget\" data-widget_type=\"heading.default\">\n\t\t\t\t<div class=\"elementor-widget-container\">\n\t\t\t\t\t<h3 class=\"elementor-heading-title elementor-size-default\">La plus grande entreprise en Europe qui fabrique des outils de beaut\u00e9 durables pour un large public cible<\/h3>\t\t\t\t<\/div>\n\t\t\t\t<\/div>\n\t\t<div class=\"elementor-element elementor-element-d265c72 e-grid e-con-boxed e-con e-child\" data-id=\"d265c72\" data-element_type=\"container\" data-e-type=\"container\">\n\t\t\t\t\t<div class=\"e-con-inner\">\n\t\t\t\t<div class=\"elementor-element elementor-element-bcd94ea elementor-widget elementor-widget-text-editor\" data-id=\"bcd94ea\" data-element_type=\"widget\" data-e-type=\"widget\" data-widget_type=\"text-editor.default\">\n\t\t\t\t<div class=\"elementor-widget-container\">\n\t\t\t\t\t\t\t\t\t<h2 class=\"h1 appear-delay\"><span><span class=\"VIpgJd-yAWNEb-VIpgJd-fmcmS-sn54Q\">1. Outils de beaut\u00e9 innovants<\/span><\/span><\/h2><p>Nous mettons en \u0153uvre des innovations qui transforment l&rsquo;industrie des ongles. Tous les d\u00e9veloppements sont brevet\u00e9s et n&rsquo;ont pas d&rsquo;\u00e9quivalent. La caract\u00e9ristique principale qui n&rsquo;a pas chang\u00e9 en plus de deux d\u00e9cennies d&rsquo;histoire de l&rsquo;entreprise est la qualit\u00e9 exceptionnelle des produits.<\/p>\t\t\t\t\t\t\t\t<\/div>\n\t\t\t\t<\/div>\n\t\t\t\t<div class=\"elementor-element elementor-element-0a449dd elementor-invisible elementor-widget elementor-widget-image\" data-id=\"0a449dd\" data-element_type=\"widget\" data-e-type=\"widget\" data-settings=\"{&quot;_animation&quot;:&quot;fadeInRight&quot;}\" data-widget_type=\"image.default\">\n\t\t\t\t<div class=\"elementor-widget-container\">\n\t\t\t\t\t\t\t\t\t\t\t\t\t\t\t<img loading=\"lazy\" decoding=\"async\" width=\"768\" height=\"853\" src=\"https:\/\/shop.eternalyouth.ch\/wp-content\/uploads\/2024\/04\/feature1-large-1-768x853.webp\" class=\"attachment-medium_large size-medium_large wp-image-32136\" alt=\"\" srcset=\"https:\/\/shop.eternalyouth.ch\/wp-content\/uploads\/2024\/04\/feature1-large-1-768x853.webp 768w, https:\/\/shop.eternalyouth.ch\/wp-content\/uploads\/2024\/04\/feature1-large-1-270x300.webp 270w, https:\/\/shop.eternalyouth.ch\/wp-content\/uploads\/2024\/04\/feature1-large-1-922x1024.webp 922w, https:\/\/shop.eternalyouth.ch\/wp-content\/uploads\/2024\/04\/feature1-large-1-600x667.webp 600w, https:\/\/shop.eternalyouth.ch\/wp-content\/uploads\/2024\/04\/feature1-large-1.webp 1080w\" sizes=\"(max-width: 768px) 100vw, 768px\" \/>\t\t\t\t\t\t\t\t\t\t\t\t\t\t\t<\/div>\n\t\t\t\t<\/div>\n\t\t\t\t<div class=\"elementor-element elementor-element-9446c65 elementor-invisible elementor-widget elementor-widget-image\" data-id=\"9446c65\" data-element_type=\"widget\" data-e-type=\"widget\" data-settings=\"{&quot;_animation&quot;:&quot;fadeInLeft&quot;}\" data-widget_type=\"image.default\">\n\t\t\t\t<div class=\"elementor-widget-container\">\n\t\t\t\t\t\t\t\t\t\t\t\t\t\t\t<img loading=\"lazy\" decoding=\"async\" width=\"768\" height=\"399\" src=\"https:\/\/shop.eternalyouth.ch\/wp-content\/uploads\/2024\/04\/aboutpic-02-768x399.jpg\" class=\"attachment-medium_large size-medium_large wp-image-32138\" alt=\"\" srcset=\"https:\/\/shop.eternalyouth.ch\/wp-content\/uploads\/2024\/04\/aboutpic-02-768x399.jpg 768w, https:\/\/shop.eternalyouth.ch\/wp-content\/uploads\/2024\/04\/aboutpic-02-300x156.jpg 300w, https:\/\/shop.eternalyouth.ch\/wp-content\/uploads\/2024\/04\/aboutpic-02-600x312.jpg 600w, https:\/\/shop.eternalyouth.ch\/wp-content\/uploads\/2024\/04\/aboutpic-02.jpg 808w\" sizes=\"(max-width: 768px) 100vw, 768px\" \/>\t\t\t\t\t\t\t\t\t\t\t\t\t\t\t<\/div>\n\t\t\t\t<\/div>\n\t\t\t\t<div class=\"elementor-element elementor-element-668db66 elementor-widget elementor-widget-text-editor\" data-id=\"668db66\" data-element_type=\"widget\" data-e-type=\"widget\" data-widget_type=\"text-editor.default\">\n\t\t\t\t<div class=\"elementor-widget-container\">\n\t\t\t\t\t\t\t\t\t<h2 class=\"h1 appear-delay\"><span>2. Le plus grand fabricant europ\u00e9en<\/span><\/h2><div id=\"shopify-section-template--18909764092226__415b790d-d4c3-41ae-b9f5-7d0ed7731655\" class=\"shopify-section\"><div class=\"index-section\"><div class=\"page-width feature-row-wrapper feature-row--50\"><div class=\"feature-row\"><div class=\"feature-row__item feature-row__text feature-row__text--left text-center aos-init aos-animate\" data-aos=\"\"><div class=\"rte appear-delay-1\"><p><span>Staleks dispose d&rsquo;une installation de production \u00e0 cycle complet, o\u00f9 la fabrication d&rsquo;un outil commence par la pr\u00e9paration d&rsquo;une barre d&rsquo;acier et se termine par l&#8217;emballage du produit fini. Il n&rsquo;y a pas d&rsquo;\u00e9quivalent en Europe.<\/span><\/p><\/div><\/div><\/div><\/div><\/div><\/div><div id=\"shopify-section-template--18909764092226__3dbc7a37-f34a-45b5-a2dc-d9fce6228c73\" class=\"shopify-section\"><div class=\"index-section\"><div class=\"page-width feature-row-wrapper feature-row--50\"><div class=\"feature-row\"><div class=\"feature-row__item feature-row__text feature-row__text--right text-center aos-init aos-animate\" data-aos=\"\"> <\/div><\/div><\/div><\/div><\/div>\t\t\t\t\t\t\t\t<\/div>\n\t\t\t\t<\/div>\n\t\t\t\t<div class=\"elementor-element elementor-element-3795191 elementor-widget elementor-widget-text-editor\" data-id=\"3795191\" data-element_type=\"widget\" data-e-type=\"widget\" data-widget_type=\"text-editor.default\">\n\t\t\t\t<div class=\"elementor-widget-container\">\n\t\t\t\t\t\t\t\t\t<h2 class=\"h1 appear-delay\"><span><span class=\"\">3. Nous sommes choisis par les esth\u00e9ticiennes dans 90 pays \u00e0 travers le monde.<\/span><\/span><\/h2><div id=\"shopify-section-template--18909764092226__415b790d-d4c3-41ae-b9f5-7d0ed7731655\" class=\"shopify-section\"><div class=\"index-section\"><div class=\"page-width feature-row-wrapper feature-row--50\"><div class=\"feature-row\"><div class=\"feature-row__item feature-row__text feature-row__text--left text-center aos-init aos-animate\" data-aos=\"\"><div class=\"rte appear-delay-1\"><div class=\"feature-row__item feature-row__text feature-row__text--right text-center aos-init aos-animate\" data-aos=\"\"><div class=\"rte appear-delay-1\"><p><span><span class=\"VIpgJd-yAWNEb-VIpgJd-fmcmS-sn54Q\">Staleks est une entreprise stable et prosp\u00e8re avec une \u00e9quipe de v\u00e9ritables professionnels reconnus et appr\u00e9ci\u00e9s dans plus de 90 pays, une gamme de produits large et en constante expansion, une exp\u00e9rience de longue date et un v\u00e9ritable savoir-faire artisanal.<\/span><\/span><\/p><\/div><\/div><div class=\"feature-row__item feature-row__images aos-init aos-animate\" data-aos=\"\"><div class=\"feature-row__first-image\"><div class=\"image-wrap loaded\"> <\/div><\/div><\/div><\/div><\/div><\/div><\/div><\/div><\/div><div id=\"shopify-section-template--18909764092226__3dbc7a37-f34a-45b5-a2dc-d9fce6228c73\" class=\"shopify-section\"><div class=\"index-section\"><div class=\"page-width feature-row-wrapper feature-row--50\"><div class=\"feature-row\"><div class=\"feature-row__item feature-row__text feature-row__text--right text-center aos-init aos-animate\" data-aos=\"\"> <\/div><\/div><\/div><\/div><\/div>\t\t\t\t\t\t\t\t<\/div>\n\t\t\t\t<\/div>\n\t\t\t\t<div class=\"elementor-element elementor-element-a75d3b2 elementor-invisible elementor-widget elementor-widget-image\" data-id=\"a75d3b2\" data-element_type=\"widget\" data-e-type=\"widget\" data-settings=\"{&quot;_animation&quot;:&quot;fadeInRight&quot;}\" data-widget_type=\"image.default\">\n\t\t\t\t<div class=\"elementor-widget-container\">\n\t\t\t\t\t\t\t\t\t\t\t\t\t\t\t<img loading=\"lazy\" decoding=\"async\" width=\"768\" height=\"315\" src=\"https:\/\/shop.eternalyouth.ch\/wp-content\/uploads\/2024\/04\/world-map-large-768x315.webp\" class=\"attachment-medium_large size-medium_large wp-image-32140\" alt=\"\" srcset=\"https:\/\/shop.eternalyouth.ch\/wp-content\/uploads\/2024\/04\/world-map-large-768x315.webp 768w, https:\/\/shop.eternalyouth.ch\/wp-content\/uploads\/2024\/04\/world-map-large-300x123.webp 300w, https:\/\/shop.eternalyouth.ch\/wp-content\/uploads\/2024\/04\/world-map-large-1024x420.webp 1024w, https:\/\/shop.eternalyouth.ch\/wp-content\/uploads\/2024\/04\/world-map-large-600x246.webp 600w, https:\/\/shop.eternalyouth.ch\/wp-content\/uploads\/2024\/04\/world-map-large.webp 1080w\" sizes=\"(max-width: 768px) 100vw, 768px\" \/>\t\t\t\t\t\t\t\t\t\t\t\t\t\t\t<\/div>\n\t\t\t\t<\/div>\n\t\t\t\t\t<\/div>\n\t\t\t\t<\/div>\n\t\t\t\t\t<\/div>\n\t\t\t\t<\/div>\n\t\t\t\t<\/div>\n\t\t","protected":false},"excerpt":{"rendered":"<p>Soci\u00e9t\u00e9 Staleks Feilen\/Wechselfeilen 45 Produkt Nagel- und Hautzangen 9 Produkt Pusher 15 Produkt Scheren 14 Produkt Zubeh\u00f6r und Pflege 29 Produkt Histoire de la Soci\u00e9t\u00e9 Staleks La plus grande entreprise en Europe qui fabrique des outils de beaut\u00e9 durables pour un large public cible 1. Outils de beaut\u00e9 innovants Nous mettons en \u0153uvre des innovations [&hellip;]<\/p>\n","protected":false},"author":1,"featured_media":0,"parent":34373,"menu_order":0,"comment_status":"closed","ping_status":"closed","template":"","meta":{"_acf_changed":false,"site-sidebar-layout":"no-sidebar","site-content-layout":"page-builder","ast-site-content-layout":"","site-content-style":"default","site-sidebar-style":"default","ast-global-header-display":"","ast-banner-title-visibility":"","ast-main-header-display":"","ast-hfb-above-header-display":"","ast-hfb-below-header-display":"","ast-hfb-mobile-header-display":"","site-post-title":"disabled","ast-breadcrumbs-content":"disabled","ast-featured-img":"disabled","footer-sml-layout":"","theme-transparent-header-meta":"enabled","adv-header-id-meta":"","stick-header-meta":"","header-above-stick-meta":"","header-main-stick-meta":"","header-below-stick-meta":"","astra-migrate-meta-layouts":"default","ast-page-background-enabled":"default","ast-page-background-meta":{"desktop":{"background-color":"","background-image":"","background-repeat":"repeat","background-position":"center center","background-size":"auto","background-attachment":"scroll","background-type":"","background-media":"","overlay-type":"","overlay-color":"","overlay-opacity":"","overlay-gradient":""},"tablet":{"background-color":"","background-image":"","background-repeat":"repeat","background-position":"center center","background-size":"auto","background-attachment":"scroll","background-type":"","background-media":"","overlay-type":"","overlay-color":"","overlay-opacity":"","overlay-gradient":""},"mobile":{"background-color":"","background-image":"","background-repeat":"repeat","background-position":"center center","background-size":"auto","background-attachment":"scroll","background-type":"","background-media":"","overlay-type":"","overlay-color":"","overlay-opacity":"","overlay-gradient":""}},"ast-content-background-meta":{"desktop":{"background-color":"var(--ast-global-color-5)","background-image":"","background-repeat":"repeat","background-position":"center center","background-size":"auto","background-attachment":"scroll","background-type":"","background-media":"","overlay-type":"","overlay-color":"","overlay-opacity":"","overlay-gradient":""},"tablet":{"background-color":"var(--ast-global-color-5)","background-image":"","background-repeat":"repeat","background-position":"center center","background-size":"auto","background-attachment":"scroll","background-type":"","background-media":"","overlay-type":"","overlay-color":"","overlay-opacity":"","overlay-gradient":""},"mobile":{"background-color":"var(--ast-global-color-5)","background-image":"","background-repeat":"repeat","background-position":"center center","background-size":"auto","background-attachment":"scroll","background-type":"","background-media":"","overlay-type":"","overlay-color":"","overlay-opacity":"","overlay-gradient":""}},"footnotes":""},"class_list":["post-34365","page","type-page","status-publish","hentry"],"acf":[],"_links":{"self":[{"href":"https:\/\/shop.eternalyouth.ch\/fr\/wp-json\/wp\/v2\/pages\/34365","targetHints":{"allow":["GET"]}}],"collection":[{"href":"https:\/\/shop.eternalyouth.ch\/fr\/wp-json\/wp\/v2\/pages"}],"about":[{"href":"https:\/\/shop.eternalyouth.ch\/fr\/wp-json\/wp\/v2\/types\/page"}],"author":[{"embeddable":true,"href":"https:\/\/shop.eternalyouth.ch\/fr\/wp-json\/wp\/v2\/users\/1"}],"replies":[{"embeddable":true,"href":"https:\/\/shop.eternalyouth.ch\/fr\/wp-json\/wp\/v2\/comments?post=34365"}],"version-history":[{"count":1,"href":"https:\/\/shop.eternalyouth.ch\/fr\/wp-json\/wp\/v2\/pages\/34365\/revisions"}],"predecessor-version":[{"id":34368,"href":"https:\/\/shop.eternalyouth.ch\/fr\/wp-json\/wp\/v2\/pages\/34365\/revisions\/34368"}],"up":[{"embeddable":true,"href":"https:\/\/shop.eternalyouth.ch\/fr\/wp-json\/wp\/v2\/pages\/34373"}],"wp:attachment":[{"href":"https:\/\/shop.eternalyouth.ch\/fr\/wp-json\/wp\/v2\/media?parent=34365"}],"curies":[{"name":"wp","href":"https:\/\/api.w.org\/{rel}","templated":true}]}}