{"id":34362,"date":"2024-04-09T15:00:37","date_gmt":"2024-04-09T13:00:37","guid":{"rendered":"https:\/\/shop.eternalyouth.ch\/victoria-vynn\/"},"modified":"2025-04-18T15:03:21","modified_gmt":"2025-04-18T13:03:21","slug":"victoria-vynn","status":"publish","type":"page","link":"https:\/\/shop.eternalyouth.ch\/fr\/produits\/victoria-vynn\/","title":{"rendered":"Victoria Vynn"},"content":{"rendered":"\t\t<div data-elementor-type=\"wp-page\" data-elementor-id=\"34362\" class=\"elementor elementor-34362 elementor-29397\">\n\t\t\t\t\t\t<section class=\"elementor-section elementor-top-section elementor-element elementor-element-8e25e36 elementor-section-boxed elementor-section-height-default elementor-section-height-default\" data-id=\"8e25e36\" data-element_type=\"section\" data-e-type=\"section\" data-settings=\"{&quot;background_background&quot;:&quot;classic&quot;}\">\n\t\t\t\t\t\t<div class=\"elementor-container elementor-column-gap-no\">\n\t\t\t\t\t<div class=\"elementor-column elementor-col-100 elementor-top-column elementor-element elementor-element-98cdb69\" data-id=\"98cdb69\" data-element_type=\"column\" data-e-type=\"column\">\n\t\t\t<div class=\"elementor-widget-wrap elementor-element-populated\">\n\t\t\t\t\t\t<div class=\"elementor-element elementor-element-7499b8c elementor-widget elementor-widget-heading\" data-id=\"7499b8c\" data-element_type=\"widget\" data-e-type=\"widget\" data-widget_type=\"heading.default\">\n\t\t\t\t<div class=\"elementor-widget-container\">\n\t\t\t\t\t<h1 class=\"elementor-heading-title elementor-size-default\">Victoria Vynn<\/h1>\t\t\t\t<\/div>\n\t\t\t\t<\/div>\n\t\t\t\t<div class=\"elementor-element elementor-element-b00318b elementor-widget-divider--view-line elementor-widget elementor-widget-divider\" data-id=\"b00318b\" data-element_type=\"widget\" data-e-type=\"widget\" data-widget_type=\"divider.default\">\n\t\t\t\t<div class=\"elementor-widget-container\">\n\t\t\t\t\t\t\t<div class=\"elementor-divider\">\n\t\t\t<span class=\"elementor-divider-separator\">\n\t\t\t\t\t\t<\/span>\n\t\t<\/div>\n\t\t\t\t\t\t<\/div>\n\t\t\t\t<\/div>\n\t\t\t\t\t<\/div>\n\t\t<\/div>\n\t\t\t\t\t<\/div>\n\t\t<\/section>\n\t\t\t\t<section class=\"elementor-section elementor-top-section elementor-element elementor-element-31d48bb elementor-section-boxed elementor-section-height-default elementor-section-height-default\" data-id=\"31d48bb\" data-element_type=\"section\" data-e-type=\"section\" data-settings=\"{&quot;background_background&quot;:&quot;gradient&quot;}\">\n\t\t\t\t\t\t<div class=\"elementor-container elementor-column-gap-no\">\n\t\t\t\t\t<div class=\"elementor-column elementor-col-100 elementor-top-column elementor-element elementor-element-9c409ec\" data-id=\"9c409ec\" data-element_type=\"column\" data-e-type=\"column\">\n\t\t\t<div class=\"elementor-widget-wrap elementor-element-populated\">\n\t\t\t\t\t\t<div class=\"elementor-element elementor-element-fe5d646 uael-woo-category-grid uael-woo-cat-title-pos-default uael-woo-cat-title-style-default uael-woo-cat--align-center elementor-invisible elementor-widget elementor-widget-uael-woo-categories\" data-id=\"fe5d646\" data-element_type=\"widget\" data-e-type=\"widget\" data-settings=\"{&quot;_animation&quot;:&quot;zoomIn&quot;,&quot;cat_columns&quot;:&quot;4&quot;,&quot;cat_columns_tablet&quot;:&quot;3&quot;,&quot;cat_columns_mobile&quot;:&quot;2&quot;,&quot;column_gap&quot;:{&quot;unit&quot;:&quot;px&quot;,&quot;size&quot;:20,&quot;sizes&quot;:[]},&quot;column_gap_tablet&quot;:{&quot;unit&quot;:&quot;px&quot;,&quot;size&quot;:&quot;&quot;,&quot;sizes&quot;:[]},&quot;column_gap_mobile&quot;:{&quot;unit&quot;:&quot;px&quot;,&quot;size&quot;:&quot;&quot;,&quot;sizes&quot;:[]},&quot;row_gap&quot;:{&quot;unit&quot;:&quot;px&quot;,&quot;size&quot;:35,&quot;sizes&quot;:[]},&quot;row_gap_tablet&quot;:{&quot;unit&quot;:&quot;px&quot;,&quot;size&quot;:&quot;&quot;,&quot;sizes&quot;:[]},&quot;row_gap_mobile&quot;:{&quot;unit&quot;:&quot;px&quot;,&quot;size&quot;:&quot;&quot;,&quot;sizes&quot;:[]}}\" data-widget_type=\"uael-woo-categories.default\">\n\t\t\t\t<div class=\"elementor-widget-container\">\n\t\t\t\t\t<div class=\"uael-woo-categories uael-woo-categories-grid uael-woocommerce\"><div class=\"uael-woo-categories-inner  uael-woo-cat__column-4 uael-woo-cat__column-tablet-3 uael-woo-cat__column-mobile-2\"><\/div><\/div>\t\t\t\t<\/div>\n\t\t\t\t<\/div>\n\t\t\t\t\t<\/div>\n\t\t<\/div>\n\t\t\t\t\t<\/div>\n\t\t<\/section>\n\t\t<div class=\"elementor-element elementor-element-c38bd4f e-flex e-con-boxed elementor-invisible e-con e-parent\" data-id=\"c38bd4f\" data-element_type=\"container\" data-e-type=\"container\" data-settings=\"{&quot;animation&quot;:&quot;zoomIn&quot;}\">\n\t\t\t\t\t<div class=\"e-con-inner\">\n\t\t\t\t<div class=\"elementor-element elementor-element-7437faf elementor-widget elementor-widget-heading\" data-id=\"7437faf\" data-element_type=\"widget\" data-e-type=\"widget\" data-widget_type=\"heading.default\">\n\t\t\t\t<div class=\"elementor-widget-container\">\n\t\t\t\t\t<h1 class=\"elementor-heading-title elementor-size-default\">Histoire de Victoria Vynn<\/h1>\t\t\t\t<\/div>\n\t\t\t\t<\/div>\n\t\t\t\t<div class=\"elementor-element elementor-element-1255cbd elementor-widget elementor-widget-image\" data-id=\"1255cbd\" data-element_type=\"widget\" data-e-type=\"widget\" data-widget_type=\"image.default\">\n\t\t\t\t<div class=\"elementor-widget-container\">\n\t\t\t\t\t\t\t\t\t\t\t\t\t\t\t<img decoding=\"async\" width=\"150\" height=\"150\" src=\"https:\/\/shop.eternalyouth.ch\/wp-content\/uploads\/2024\/04\/victoria_vynn-150x150.webp\" class=\"attachment-thumbnail size-thumbnail wp-image-32034\" alt=\"\" srcset=\"https:\/\/shop.eternalyouth.ch\/wp-content\/uploads\/2024\/04\/victoria_vynn-150x150.webp 150w, https:\/\/shop.eternalyouth.ch\/wp-content\/uploads\/2024\/04\/victoria_vynn-300x300.webp 300w, https:\/\/shop.eternalyouth.ch\/wp-content\/uploads\/2024\/04\/victoria_vynn-100x100.webp 100w\" sizes=\"(max-width: 150px) 100vw, 150px\" \/>\t\t\t\t\t\t\t\t\t\t\t\t\t\t\t<\/div>\n\t\t\t\t<\/div>\n\t\t\t\t<div class=\"elementor-element elementor-element-7863dd3 elementor-widget-divider--view-line elementor-widget elementor-widget-divider\" data-id=\"7863dd3\" data-element_type=\"widget\" data-e-type=\"widget\" data-widget_type=\"divider.default\">\n\t\t\t\t<div class=\"elementor-widget-container\">\n\t\t\t\t\t\t\t<div class=\"elementor-divider\">\n\t\t\t<span class=\"elementor-divider-separator\">\n\t\t\t\t\t\t<\/span>\n\t\t<\/div>\n\t\t\t\t\t\t<\/div>\n\t\t\t\t<\/div>\n\t\t\t\t<div class=\"elementor-element elementor-element-1f8d6e5 elementor-widget elementor-widget-text-editor\" data-id=\"1f8d6e5\" data-element_type=\"widget\" data-e-type=\"widget\" data-widget_type=\"text-editor.default\">\n\t\t\t\t<div class=\"elementor-widget-container\">\n\t\t\t\t\t\t\t\t\t<p>Nous aspirons \u00e0 faire partie int\u00e9grante de votre quotidien et \u00e0 garantir que les concepts de \u00ab v\u00e9rit\u00e9 \u00bb et de \u00ab beaut\u00e9 \u00bb soient consid\u00e9r\u00e9s comme \u00e9quivalents. C&rsquo;est pourquoi nous nous effor\u00e7ons quotidiennement de cr\u00e9er une v\u00e9ritable beaut\u00e9 des mains. Nous accordons une importance primordiale \u00e0 l&rsquo;\u00e9laboration de produits : qualit\u00e9, coloris tendance, offre exhaustive et excellence du service. Nous vous rendons exceptionnelle : authentique et belle.<\/p>\t\t\t\t\t\t\t\t<\/div>\n\t\t\t\t<\/div>\n\t\t\t\t<div class=\"elementor-element elementor-element-55e02e3 elementor-widget elementor-widget-image\" data-id=\"55e02e3\" data-element_type=\"widget\" data-e-type=\"widget\" data-widget_type=\"image.default\">\n\t\t\t\t<div class=\"elementor-widget-container\">\n\t\t\t\t\t\t\t\t\t\t\t\t\t\t\t<img fetchpriority=\"high\" decoding=\"async\" width=\"768\" height=\"272\" src=\"https:\/\/shop.eternalyouth.ch\/wp-content\/uploads\/2024\/04\/Untitled_design_28-768x272.png\" class=\"attachment-medium_large size-medium_large wp-image-32130\" alt=\"\" srcset=\"https:\/\/shop.eternalyouth.ch\/wp-content\/uploads\/2024\/04\/Untitled_design_28-768x272.png 768w, https:\/\/shop.eternalyouth.ch\/wp-content\/uploads\/2024\/04\/Untitled_design_28-300x106.png 300w, https:\/\/shop.eternalyouth.ch\/wp-content\/uploads\/2024\/04\/Untitled_design_28-600x212.png 600w, https:\/\/shop.eternalyouth.ch\/wp-content\/uploads\/2024\/04\/Untitled_design_28.png 944w\" sizes=\"(max-width: 768px) 100vw, 768px\" \/>\t\t\t\t\t\t\t\t\t\t\t\t\t\t\t<\/div>\n\t\t\t\t<\/div>\n\t\t\t\t<div class=\"elementor-element elementor-element-65c58fe elementor-hidden-mobile elementor-widget elementor-widget-image\" data-id=\"65c58fe\" data-element_type=\"widget\" data-e-type=\"widget\" data-widget_type=\"image.default\">\n\t\t\t\t<div class=\"elementor-widget-container\">\n\t\t\t\t\t\t\t\t\t\t\t\t\t\t\t<img decoding=\"async\" width=\"1024\" height=\"546\" src=\"https:\/\/shop.eternalyouth.ch\/wp-content\/uploads\/2024\/04\/Untitled_design_32-1024x546.png\" class=\"attachment-large size-large wp-image-32132\" alt=\"\" srcset=\"https:\/\/shop.eternalyouth.ch\/wp-content\/uploads\/2024\/04\/Untitled_design_32-1024x546.png 1024w, https:\/\/shop.eternalyouth.ch\/wp-content\/uploads\/2024\/04\/Untitled_design_32-300x160.png 300w, https:\/\/shop.eternalyouth.ch\/wp-content\/uploads\/2024\/04\/Untitled_design_32-768x409.png 768w, https:\/\/shop.eternalyouth.ch\/wp-content\/uploads\/2024\/04\/Untitled_design_32-600x320.png 600w, https:\/\/shop.eternalyouth.ch\/wp-content\/uploads\/2024\/04\/Untitled_design_32.png 1426w\" sizes=\"(max-width: 1024px) 100vw, 1024px\" \/>\t\t\t\t\t\t\t\t\t\t\t\t\t\t\t<\/div>\n\t\t\t\t<\/div>\n\t\t\t\t<div class=\"elementor-element elementor-element-6e629ad elementor-widget elementor-widget-text-editor\" data-id=\"6e629ad\" data-element_type=\"widget\" data-e-type=\"widget\" data-widget_type=\"text-editor.default\">\n\t\t\t\t<div class=\"elementor-widget-container\">\n\t\t\t\t\t\t\t\t\t<p><span><span class=\"\">Chacun d&rsquo;entre nous est unique, ind\u00e9pendamment de notre identit\u00e9 ou de nos activit\u00e9s.<\/span><\/span><br><span><span class=\"\">Soyez fi\u00e8re d&rsquo;\u00eatre une femme. Cultivez l&rsquo;estime de soi, le sourire et l&rsquo;amour &#8211; vous \u00eates une femme, vous \u00eates merveilleuse. Avec la marque Victoria Vynn, nous r\u00e9v\u00e9lons votre beaut\u00e9 singuli\u00e8re.<\/span><\/span><br><br><strong><span><span class=\"\">Bienvenue dans l&rsquo;univers de Victoria Vynn.<\/span><\/span><\/strong><br><br><span><span class=\"\">Une marque de cosm\u00e9tiques internationale, con\u00e7ue principalement pour les femmes&#8230; dont l&rsquo;objectif est de vous offrir la joie de la beaut\u00e9.<\/span><\/span><br><br><span><span class=\"\">Les vernis hybrides populaires sont devenus un \u00e9l\u00e9ment indispensable du stylisme ongulaire pour la plupart des femmes \u00e0 travers le monde. Nous suivons les derni\u00e8res tendances et puisons notre inspiration dans le monde de la mode. Ainsi, nous cr\u00e9ons des collections uniques pour le design et le soin des ongles.<\/span><\/span><br><br><span><span class=\"\">Nous recommandons la gamme Victoria Vynn aux instituts de beaut\u00e9, aux \u00e9tablissements de spa et aux clientes exigeantes. Dans son portefeuille de produits, la marque propose une vaste gamme de vernis hybrides color\u00e9s, de gels de construction, de bases de construction, de gels acryliques, divers produits d\u00e9coratifs, un large \u00e9ventail de vernis classiques, des produits r\u00e9g\u00e9n\u00e9rants ainsi que des soins pour les mains et les ongles.<\/span><\/span><br><br><strong><span><span class=\"\">Bienvenue dans l&rsquo;univers de Victoria Vynn.<\/span><\/span><\/strong><\/p>\t\t\t\t\t\t\t\t<\/div>\n\t\t\t\t<\/div>\n\t\t\t\t\t<\/div>\n\t\t\t\t<\/div>\n\t\t\t\t<\/div>\n\t\t","protected":false},"excerpt":{"rendered":"<p>Victoria Vynn Histoire de Victoria Vynn Nous aspirons \u00e0 faire partie int\u00e9grante de votre quotidien et \u00e0 garantir que les concepts de \u00ab v\u00e9rit\u00e9 \u00bb et de \u00ab beaut\u00e9 \u00bb soient consid\u00e9r\u00e9s comme \u00e9quivalents. C&rsquo;est pourquoi nous nous effor\u00e7ons quotidiennement de cr\u00e9er une v\u00e9ritable beaut\u00e9 des mains. Nous accordons une importance primordiale \u00e0 l&rsquo;\u00e9laboration de [&hellip;]<\/p>\n","protected":false},"author":1,"featured_media":0,"parent":34373,"menu_order":0,"comment_status":"closed","ping_status":"closed","template":"","meta":{"_acf_changed":false,"site-sidebar-layout":"no-sidebar","site-content-layout":"page-builder","ast-site-content-layout":"","site-content-style":"default","site-sidebar-style":"default","ast-global-header-display":"","ast-banner-title-visibility":"","ast-main-header-display":"","ast-hfb-above-header-display":"","ast-hfb-below-header-display":"","ast-hfb-mobile-header-display":"","site-post-title":"disabled","ast-breadcrumbs-content":"disabled","ast-featured-img":"disabled","footer-sml-layout":"","theme-transparent-header-meta":"enabled","adv-header-id-meta":"","stick-header-meta":"","header-above-stick-meta":"","header-main-stick-meta":"","header-below-stick-meta":"","astra-migrate-meta-layouts":"default","ast-page-background-enabled":"default","ast-page-background-meta":{"desktop":{"background-color":"","background-image":"","background-repeat":"repeat","background-position":"center center","background-size":"auto","background-attachment":"scroll","background-type":"","background-media":"","overlay-type":"","overlay-color":"","overlay-opacity":"","overlay-gradient":""},"tablet":{"background-color":"","background-image":"","background-repeat":"repeat","background-position":"center center","background-size":"auto","background-attachment":"scroll","background-type":"","background-media":"","overlay-type":"","overlay-color":"","overlay-opacity":"","overlay-gradient":""},"mobile":{"background-color":"","background-image":"","background-repeat":"repeat","background-position":"center center","background-size":"auto","background-attachment":"scroll","background-type":"","background-media":"","overlay-type":"","overlay-color":"","overlay-opacity":"","overlay-gradient":""}},"ast-content-background-meta":{"desktop":{"background-color":"var(--ast-global-color-5)","background-image":"","background-repeat":"repeat","background-position":"center center","background-size":"auto","background-attachment":"scroll","background-type":"","background-media":"","overlay-type":"","overlay-color":"","overlay-opacity":"","overlay-gradient":""},"tablet":{"background-color":"var(--ast-global-color-5)","background-image":"","background-repeat":"repeat","background-position":"center center","background-size":"auto","background-attachment":"scroll","background-type":"","background-media":"","overlay-type":"","overlay-color":"","overlay-opacity":"","overlay-gradient":""},"mobile":{"background-color":"var(--ast-global-color-5)","background-image":"","background-repeat":"repeat","background-position":"center center","background-size":"auto","background-attachment":"scroll","background-type":"","background-media":"","overlay-type":"","overlay-color":"","overlay-opacity":"","overlay-gradient":""}},"footnotes":""},"class_list":["post-34362","page","type-page","status-publish","hentry"],"acf":[],"_links":{"self":[{"href":"https:\/\/shop.eternalyouth.ch\/fr\/wp-json\/wp\/v2\/pages\/34362","targetHints":{"allow":["GET"]}}],"collection":[{"href":"https:\/\/shop.eternalyouth.ch\/fr\/wp-json\/wp\/v2\/pages"}],"about":[{"href":"https:\/\/shop.eternalyouth.ch\/fr\/wp-json\/wp\/v2\/types\/page"}],"author":[{"embeddable":true,"href":"https:\/\/shop.eternalyouth.ch\/fr\/wp-json\/wp\/v2\/users\/1"}],"replies":[{"embeddable":true,"href":"https:\/\/shop.eternalyouth.ch\/fr\/wp-json\/wp\/v2\/comments?post=34362"}],"version-history":[{"count":1,"href":"https:\/\/shop.eternalyouth.ch\/fr\/wp-json\/wp\/v2\/pages\/34362\/revisions"}],"predecessor-version":[{"id":34363,"href":"https:\/\/shop.eternalyouth.ch\/fr\/wp-json\/wp\/v2\/pages\/34362\/revisions\/34363"}],"up":[{"embeddable":true,"href":"https:\/\/shop.eternalyouth.ch\/fr\/wp-json\/wp\/v2\/pages\/34373"}],"wp:attachment":[{"href":"https:\/\/shop.eternalyouth.ch\/fr\/wp-json\/wp\/v2\/media?parent=34362"}],"curies":[{"name":"wp","href":"https:\/\/api.w.org\/{rel}","templated":true}]}}