{"id":34354,"date":"2021-07-29T06:19:58","date_gmt":"2021-07-29T04:19:58","guid":{"rendered":"https:\/\/shop.eternalyouth.ch\/a-propos-de-nous\/"},"modified":"2025-04-18T15:03:14","modified_gmt":"2025-04-18T13:03:14","slug":"a-propos-de-nous","status":"publish","type":"page","link":"https:\/\/shop.eternalyouth.ch\/fr\/a-propos-de-nous\/","title":{"rendered":"\u00c0 propos de nous"},"content":{"rendered":"\t\t<div data-elementor-type=\"wp-page\" data-elementor-id=\"34354\" class=\"elementor elementor-34354 elementor-20\">\n\t\t\t\t\t\t<section class=\"elementor-section elementor-top-section elementor-element elementor-element-8e25e36 elementor-section-boxed elementor-section-height-default elementor-section-height-default\" data-id=\"8e25e36\" data-element_type=\"section\" data-e-type=\"section\" data-settings=\"{&quot;background_background&quot;:&quot;classic&quot;}\">\n\t\t\t\t\t\t<div class=\"elementor-container elementor-column-gap-no\">\n\t\t\t\t\t<div class=\"elementor-column elementor-col-100 elementor-top-column elementor-element elementor-element-98cdb69\" data-id=\"98cdb69\" data-element_type=\"column\" data-e-type=\"column\">\n\t\t\t<div class=\"elementor-widget-wrap elementor-element-populated\">\n\t\t\t\t\t\t<div class=\"elementor-element elementor-element-7499b8c elementor-widget elementor-widget-heading\" data-id=\"7499b8c\" data-element_type=\"widget\" data-e-type=\"widget\" data-widget_type=\"heading.default\">\n\t\t\t\t<div class=\"elementor-widget-container\">\n\t\t\t\t\t<h1 class=\"elementor-heading-title elementor-size-default\">\u00c0 propos de nous<\/h1>\t\t\t\t<\/div>\n\t\t\t\t<\/div>\n\t\t\t\t<div class=\"elementor-element elementor-element-b00318b elementor-widget-divider--view-line elementor-widget elementor-widget-divider\" data-id=\"b00318b\" data-element_type=\"widget\" data-e-type=\"widget\" data-widget_type=\"divider.default\">\n\t\t\t\t<div class=\"elementor-widget-container\">\n\t\t\t\t\t\t\t<div class=\"elementor-divider\">\n\t\t\t<span class=\"elementor-divider-separator\">\n\t\t\t\t\t\t<\/span>\n\t\t<\/div>\n\t\t\t\t\t\t<\/div>\n\t\t\t\t<\/div>\n\t\t\t\t<div class=\"elementor-element elementor-element-0ded19f elementor-widget elementor-widget-heading\" data-id=\"0ded19f\" data-element_type=\"widget\" data-e-type=\"widget\" data-widget_type=\"heading.default\">\n\t\t\t\t<div class=\"elementor-widget-container\">\n\t\t\t\t\t<h3 class=\"elementor-heading-title elementor-size-default\">Du salon de manucure \u00e0 la boutique de r\u00e9f\u00e9rence<\/h3>\t\t\t\t<\/div>\n\t\t\t\t<\/div>\n\t\t\t\t\t<\/div>\n\t\t<\/div>\n\t\t\t\t\t<\/div>\n\t\t<\/section>\n\t\t\t\t<section class=\"elementor-section elementor-top-section elementor-element elementor-element-31d48bb elementor-section-boxed elementor-section-height-default elementor-section-height-default\" data-id=\"31d48bb\" data-element_type=\"section\" data-e-type=\"section\" data-settings=\"{&quot;background_background&quot;:&quot;gradient&quot;}\">\n\t\t\t\t\t\t<div class=\"elementor-container elementor-column-gap-no\">\n\t\t\t\t\t<div class=\"elementor-column elementor-col-100 elementor-top-column elementor-element elementor-element-9c409ec\" data-id=\"9c409ec\" data-element_type=\"column\" data-e-type=\"column\">\n\t\t\t<div class=\"elementor-widget-wrap elementor-element-populated\">\n\t\t\t\t\t\t<div class=\"elementor-element elementor-element-d3189cf elementor-widget elementor-widget-image\" data-id=\"d3189cf\" data-element_type=\"widget\" data-e-type=\"widget\" data-widget_type=\"image.default\">\n\t\t\t\t<div class=\"elementor-widget-container\">\n\t\t\t\t\t\t\t\t\t\t\t\t\t\t\t<img fetchpriority=\"high\" decoding=\"async\" width=\"1500\" height=\"1000\" src=\"https:\/\/shop.eternalyouth.ch\/wp-content\/uploads\/2024\/04\/eternal_youth_owner_3_comp.png\" class=\"attachment-full size-full wp-image-32058\" alt=\"\" srcset=\"https:\/\/shop.eternalyouth.ch\/wp-content\/uploads\/2024\/04\/eternal_youth_owner_3_comp.png 1500w, https:\/\/shop.eternalyouth.ch\/wp-content\/uploads\/2024\/04\/eternal_youth_owner_3_comp-300x200.png 300w, https:\/\/shop.eternalyouth.ch\/wp-content\/uploads\/2024\/04\/eternal_youth_owner_3_comp-1024x683.png 1024w, https:\/\/shop.eternalyouth.ch\/wp-content\/uploads\/2024\/04\/eternal_youth_owner_3_comp-768x512.png 768w, https:\/\/shop.eternalyouth.ch\/wp-content\/uploads\/2024\/04\/eternal_youth_owner_3_comp-600x400.png 600w\" sizes=\"(max-width: 1500px) 100vw, 1500px\" \/>\t\t\t\t\t\t\t\t\t\t\t\t\t\t\t<\/div>\n\t\t\t\t<\/div>\n\t\t\t\t\t<\/div>\n\t\t<\/div>\n\t\t\t\t\t<\/div>\n\t\t<\/section>\n\t\t<div class=\"elementor-element elementor-element-1ba2562 e-flex e-con-boxed e-con e-parent\" data-id=\"1ba2562\" data-element_type=\"container\" data-e-type=\"container\">\n\t\t\t\t\t<div class=\"e-con-inner\">\n\t\t\t\t<div class=\"elementor-element elementor-element-35ab659 elementor-widget elementor-widget-text-editor\" data-id=\"35ab659\" data-element_type=\"widget\" data-e-type=\"widget\" data-widget_type=\"text-editor.default\">\n\t\t\t\t<div class=\"elementor-widget-container\">\n\t\t\t\t\t\t\t\t\t<p><span><span class=\"\">Nous sommes ravis de vous pr\u00e9senter notre parcours unique, du salon de manucure \u00e0 notre boutique phare. Nous partagerons avec vous nos exp\u00e9riences dans le domaine du test de produits pour les ongles et comment nous en sommes venus \u00e0 ouvrir notre propre magasin sp\u00e9cialis\u00e9. <\/span><\/span><br><br><span><span class=\"\">Il y a quelque temps, nous avons fond\u00e9 un institut d\u00e9di\u00e9 \u00e0 l&rsquo;\u00e9tude et \u00e0 l&rsquo;\u00e9valuation des produits pour les ongles. Notre objectif \u00e9tait de d\u00e9couvrir les meilleurs produits sur le march\u00e9 et d&rsquo;offrir \u00e0 nos clients des services de haute qualit\u00e9. <\/span><\/span><br><br><span><span class=\"\">Nous disposons d&rsquo;un processus de test rigoureux pour \u00e9valuer nos produits. Nous avons examin\u00e9 la performance, la durabilit\u00e9, la facilit\u00e9 d&rsquo;utilisation et la satisfaction client pour chaque produit que nous avons test\u00e9. <\/span><\/span><br><br><span><span class=\"\">Gr\u00e2ce \u00e0 nos tests approfondis, nous avons identifi\u00e9 des produits pour les ongles qui se distinguaient par leur excellence. Ces produits ont d\u00e9montr\u00e9 des r\u00e9sultats exceptionnels et une grande durabilit\u00e9, et ont re\u00e7u des \u00e9loges consid\u00e9rables de la part de nos clients. <\/span><\/span><br><br><span><span class=\"\">Inspir\u00e9s par les r\u00e9sultats de nos tests et le d\u00e9sir de partager notre expertise avec une client\u00e8le plus large, nous avons d\u00e9cid\u00e9 d&rsquo;ouvrir notre salon de manucure sp\u00e9cialis\u00e9. Nous voulions offrir \u00e0 nos clients l&rsquo;acc\u00e8s aux meilleurs produits du domaine disponibles sur le march\u00e9. <\/span><\/span><br><br><br><span><span class=\"\">Avec une atmosph\u00e8re chaleureuse et un design soign\u00e9, notre boutique offre un espace accueillant o\u00f9 nos clients peuvent d\u00e9couvrir une s\u00e9lection exclusive de produits pour les ongles.<\/span><\/span><br><br><br><span><span class=\"\">Nous ne proposons que des produits pour les ongles de la plus haute qualit\u00e9. Les produits que nous avons s\u00e9lectionn\u00e9s sont fabriqu\u00e9s par des marques r\u00e9put\u00e9es, d\u00e9di\u00e9es \u00e0 la qualit\u00e9 et \u00e0 l&rsquo;innovation dans le domaine du soin des ongles. <\/span><\/span><br><br><br><span><span class=\"\">Nous offrons une gamme compl\u00e8te de services personnalis\u00e9s pour r\u00e9pondre aux besoins individuels de chaque client. Des manucures et p\u00e9dicures de haute qualit\u00e9 aux applications artistiques de vernis \u00e0 ongles, notre \u00e9quipe exp\u00e9riment\u00e9e s&rsquo;efforce d&rsquo;offrir \u00e0 nos clients une exp\u00e9rience exceptionnelle. <\/span><\/span><br><br><span><span class=\"\">En conclusion, notre parcours du salon de manucure \u00e0 notre boutique phare t\u00e9moigne de notre engagement envers la qualit\u00e9 et l&rsquo;innovation dans le soin des ongles. Nous vous invitons cordialement \u00e0 visiter notre magasin et \u00e0 d\u00e9couvrir les meilleurs produits pour les ongles disponibles. <\/span><\/span><br><br><span><span class=\"\">Nous sommes impatients de vous accueillir dans notre \u00e9tablissement et de vous offrir une exp\u00e9rience exceptionnelle dans le monde des ongles.<\/span><\/span><\/p>\t\t\t\t\t\t\t\t<\/div>\n\t\t\t\t<\/div>\n\t\t\t\t\t<\/div>\n\t\t\t\t<\/div>\n\t\t\t\t<section class=\"elementor-section elementor-top-section elementor-element elementor-element-28a62ec elementor-section-boxed elementor-section-height-default elementor-section-height-default\" data-id=\"28a62ec\" data-element_type=\"section\" data-e-type=\"section\" data-settings=\"{&quot;background_background&quot;:&quot;classic&quot;}\">\n\t\t\t\t\t\t<div class=\"elementor-container elementor-column-gap-no\">\n\t\t\t\t\t<div class=\"elementor-column elementor-col-25 elementor-top-column elementor-element elementor-element-02ed5f9\" data-id=\"02ed5f9\" data-element_type=\"column\" data-e-type=\"column\">\n\t\t\t<div class=\"elementor-widget-wrap elementor-element-populated\">\n\t\t\t\t\t\t<div class=\"elementor-element elementor-element-2379ed4 elementor-widget elementor-widget-heading\" data-id=\"2379ed4\" data-element_type=\"widget\" data-e-type=\"widget\" data-widget_type=\"heading.default\">\n\t\t\t\t<div class=\"elementor-widget-container\">\n\t\t\t\t\t<h2 class=\"elementor-heading-title elementor-size-default\">Nos valeurs<\/h2>\t\t\t\t<\/div>\n\t\t\t\t<\/div>\n\t\t\t\t<div class=\"elementor-element elementor-element-1531a76 elementor-widget-divider--view-line elementor-widget elementor-widget-divider\" data-id=\"1531a76\" data-element_type=\"widget\" data-e-type=\"widget\" data-widget_type=\"divider.default\">\n\t\t\t\t<div class=\"elementor-widget-container\">\n\t\t\t\t\t\t\t<div class=\"elementor-divider\">\n\t\t\t<span class=\"elementor-divider-separator\">\n\t\t\t\t\t\t<\/span>\n\t\t<\/div>\n\t\t\t\t\t\t<\/div>\n\t\t\t\t<\/div>\n\t\t\t\t\t<\/div>\n\t\t<\/div>\n\t\t\t\t<div class=\"elementor-column elementor-col-25 elementor-top-column elementor-element elementor-element-6c4b137\" data-id=\"6c4b137\" data-element_type=\"column\" data-e-type=\"column\" data-settings=\"{&quot;background_background&quot;:&quot;classic&quot;}\">\n\t\t\t<div class=\"elementor-widget-wrap elementor-element-populated\">\n\t\t\t\t\t\t<div class=\"elementor-element elementor-element-e17945d elementor-view-default elementor-position-block-start elementor-mobile-position-block-start elementor-widget elementor-widget-icon-box\" data-id=\"e17945d\" data-element_type=\"widget\" data-e-type=\"widget\" data-widget_type=\"icon-box.default\">\n\t\t\t\t<div class=\"elementor-widget-container\">\n\t\t\t\t\t\t\t<div class=\"elementor-icon-box-wrapper\">\n\n\t\t\t\t\t\t<div class=\"elementor-icon-box-icon\">\n\t\t\t\t<span  class=\"elementor-icon\">\n\t\t\t\t<svg aria-hidden=\"true\" class=\"e-font-icon-svg e-far-window-minimize\" viewBox=\"0 0 512 512\" xmlns=\"http:\/\/www.w3.org\/2000\/svg\"><path d=\"M480 480H32c-17.7 0-32-14.3-32-32s14.3-32 32-32h448c17.7 0 32 14.3 32 32s-14.3 32-32 32z\"><\/path><\/svg>\t\t\t\t<\/span>\n\t\t\t<\/div>\n\t\t\t\n\t\t\t\t\t\t<div class=\"elementor-icon-box-content\">\n\n\t\t\t\t\t\t\t\t\t<h4 class=\"elementor-icon-box-title\">\n\t\t\t\t\t\t<span  >\n\t\t\t\t\t\t\tOrientation client\t\t\t\t\t\t<\/span>\n\t\t\t\t\t<\/h4>\n\t\t\t\t\n\t\t\t\t\t\t\t\t\t<p class=\"elementor-icon-box-description\">\n\t\t\t\t\t\tNotre orientation client se refl\u00e8te dans chaque aspect de notre gamme de vernis \u00e0 ongles, garantissant que vos besoins et pr\u00e9f\u00e9rences sont toujours au centre de nos pr\u00e9occupations.\t\t\t\t\t<\/p>\n\t\t\t\t\n\t\t\t<\/div>\n\t\t\t\n\t\t<\/div>\n\t\t\t\t\t\t<\/div>\n\t\t\t\t<\/div>\n\t\t\t\t\t<\/div>\n\t\t<\/div>\n\t\t\t\t<div class=\"elementor-column elementor-col-25 elementor-top-column elementor-element elementor-element-54105d6\" data-id=\"54105d6\" data-element_type=\"column\" data-e-type=\"column\" data-settings=\"{&quot;background_background&quot;:&quot;classic&quot;}\">\n\t\t\t<div class=\"elementor-widget-wrap elementor-element-populated\">\n\t\t\t\t\t\t<div class=\"elementor-element elementor-element-df954b7 elementor-view-default elementor-position-block-start elementor-mobile-position-block-start elementor-widget elementor-widget-icon-box\" data-id=\"df954b7\" data-element_type=\"widget\" data-e-type=\"widget\" data-widget_type=\"icon-box.default\">\n\t\t\t\t<div class=\"elementor-widget-container\">\n\t\t\t\t\t\t\t<div class=\"elementor-icon-box-wrapper\">\n\n\t\t\t\t\t\t<div class=\"elementor-icon-box-icon\">\n\t\t\t\t<span  class=\"elementor-icon\">\n\t\t\t\t<svg aria-hidden=\"true\" class=\"e-font-icon-svg e-far-window-minimize\" viewBox=\"0 0 512 512\" xmlns=\"http:\/\/www.w3.org\/2000\/svg\"><path d=\"M480 480H32c-17.7 0-32-14.3-32-32s14.3-32 32-32h448c17.7 0 32 14.3 32 32s-14.3 32-32 32z\"><\/path><\/svg>\t\t\t\t<\/span>\n\t\t\t<\/div>\n\t\t\t\n\t\t\t\t\t\t<div class=\"elementor-icon-box-content\">\n\n\t\t\t\t\t\t\t\t\t<h4 class=\"elementor-icon-box-title\">\n\t\t\t\t\t\t<span  >\n\t\t\t\t\t\t\tConfiance &amp; int\u00e9grit\u00e9\t\t\t\t\t\t<\/span>\n\t\t\t\t\t<\/h4>\n\t\t\t\t\n\t\t\t\t\t\t\t\t\t<p class=\"elementor-icon-box-description\">\n\t\t\t\t\t\tNotre engagement envers la confiance et l'int\u00e9grit\u00e9 se manifeste dans la qualit\u00e9 et l'authenticit\u00e9 de chaque produit de vernis \u00e0 ongles que nous proposons.\t\t\t\t\t<\/p>\n\t\t\t\t\n\t\t\t<\/div>\n\t\t\t\n\t\t<\/div>\n\t\t\t\t\t\t<\/div>\n\t\t\t\t<\/div>\n\t\t\t\t\t<\/div>\n\t\t<\/div>\n\t\t\t\t<div class=\"elementor-column elementor-col-25 elementor-top-column elementor-element elementor-element-127d583\" data-id=\"127d583\" data-element_type=\"column\" data-e-type=\"column\" data-settings=\"{&quot;background_background&quot;:&quot;classic&quot;}\">\n\t\t\t<div class=\"elementor-widget-wrap elementor-element-populated\">\n\t\t\t\t\t\t<div class=\"elementor-element elementor-element-4106922 elementor-view-default elementor-position-block-start elementor-mobile-position-block-start elementor-widget elementor-widget-icon-box\" data-id=\"4106922\" data-element_type=\"widget\" data-e-type=\"widget\" data-widget_type=\"icon-box.default\">\n\t\t\t\t<div class=\"elementor-widget-container\">\n\t\t\t\t\t\t\t<div class=\"elementor-icon-box-wrapper\">\n\n\t\t\t\t\t\t<div class=\"elementor-icon-box-icon\">\n\t\t\t\t<span  class=\"elementor-icon\">\n\t\t\t\t<svg aria-hidden=\"true\" class=\"e-font-icon-svg e-far-window-minimize\" viewBox=\"0 0 512 512\" xmlns=\"http:\/\/www.w3.org\/2000\/svg\"><path d=\"M480 480H32c-17.7 0-32-14.3-32-32s14.3-32 32-32h448c17.7 0 32 14.3 32 32s-14.3 32-32 32z\"><\/path><\/svg>\t\t\t\t<\/span>\n\t\t\t<\/div>\n\t\t\t\n\t\t\t\t\t\t<div class=\"elementor-icon-box-content\">\n\n\t\t\t\t\t\t\t\t\t<h4 class=\"elementor-icon-box-title\">\n\t\t\t\t\t\t<span  >\n\t\t\t\t\t\t\tConscience des co\u00fbts\t\t\t\t\t\t<\/span>\n\t\t\t\t\t<\/h4>\n\t\t\t\t\n\t\t\t\t\t\t\t\t\t<p class=\"elementor-icon-box-description\">\n\t\t\t\t\t\tNous nous effor\u00e7ons d'offrir des options de vernis \u00e0 ongles \u00e9conomiques sans compromettre la qualit\u00e9 et le style.\t\t\t\t\t<\/p>\n\t\t\t\t\n\t\t\t<\/div>\n\t\t\t\n\t\t<\/div>\n\t\t\t\t\t\t<\/div>\n\t\t\t\t<\/div>\n\t\t\t\t\t<\/div>\n\t\t<\/div>\n\t\t\t\t\t<\/div>\n\t\t<\/section>\n\t\t\t\t<\/div>\n\t\t","protected":false},"excerpt":{"rendered":"<p>\u00c0 propos de nous Du salon de manucure \u00e0 la boutique de r\u00e9f\u00e9rence Nous sommes ravis de vous pr\u00e9senter notre parcours unique, du salon de manucure \u00e0 notre boutique phare. Nous partagerons avec vous nos exp\u00e9riences dans le domaine du test de produits pour les ongles et comment nous en sommes venus \u00e0 ouvrir notre [&hellip;]<\/p>\n","protected":false},"author":1,"featured_media":0,"parent":0,"menu_order":0,"comment_status":"closed","ping_status":"closed","template":"","meta":{"_acf_changed":false,"site-sidebar-layout":"no-sidebar","site-content-layout":"page-builder","ast-site-content-layout":"","site-content-style":"default","site-sidebar-style":"default","ast-global-header-display":"","ast-banner-title-visibility":"","ast-main-header-display":"","ast-hfb-above-header-display":"","ast-hfb-below-header-display":"","ast-hfb-mobile-header-display":"","site-post-title":"disabled","ast-breadcrumbs-content":"disabled","ast-featured-img":"disabled","footer-sml-layout":"","theme-transparent-header-meta":"enabled","adv-header-id-meta":"","stick-header-meta":"","header-above-stick-meta":"","header-main-stick-meta":"","header-below-stick-meta":"","astra-migrate-meta-layouts":"default","ast-page-background-enabled":"default","ast-page-background-meta":{"desktop":{"background-color":"","background-image":"","background-repeat":"repeat","background-position":"center center","background-size":"auto","background-attachment":"scroll","background-type":"","background-media":"","overlay-type":"","overlay-color":"","overlay-opacity":"","overlay-gradient":""},"tablet":{"background-color":"","background-image":"","background-repeat":"repeat","background-position":"center center","background-size":"auto","background-attachment":"scroll","background-type":"","background-media":"","overlay-type":"","overlay-color":"","overlay-opacity":"","overlay-gradient":""},"mobile":{"background-color":"","background-image":"","background-repeat":"repeat","background-position":"center center","background-size":"auto","background-attachment":"scroll","background-type":"","background-media":"","overlay-type":"","overlay-color":"","overlay-opacity":"","overlay-gradient":""}},"ast-content-background-meta":{"desktop":{"background-color":"var(--ast-global-color-5)","background-image":"","background-repeat":"repeat","background-position":"center center","background-size":"auto","background-attachment":"scroll","background-type":"","background-media":"","overlay-type":"","overlay-color":"","overlay-opacity":"","overlay-gradient":""},"tablet":{"background-color":"var(--ast-global-color-5)","background-image":"","background-repeat":"repeat","background-position":"center center","background-size":"auto","background-attachment":"scroll","background-type":"","background-media":"","overlay-type":"","overlay-color":"","overlay-opacity":"","overlay-gradient":""},"mobile":{"background-color":"var(--ast-global-color-5)","background-image":"","background-repeat":"repeat","background-position":"center center","background-size":"auto","background-attachment":"scroll","background-type":"","background-media":"","overlay-type":"","overlay-color":"","overlay-opacity":"","overlay-gradient":""}},"footnotes":""},"class_list":["post-34354","page","type-page","status-publish","hentry"],"acf":[],"_links":{"self":[{"href":"https:\/\/shop.eternalyouth.ch\/fr\/wp-json\/wp\/v2\/pages\/34354","targetHints":{"allow":["GET"]}}],"collection":[{"href":"https:\/\/shop.eternalyouth.ch\/fr\/wp-json\/wp\/v2\/pages"}],"about":[{"href":"https:\/\/shop.eternalyouth.ch\/fr\/wp-json\/wp\/v2\/types\/page"}],"author":[{"embeddable":true,"href":"https:\/\/shop.eternalyouth.ch\/fr\/wp-json\/wp\/v2\/users\/1"}],"replies":[{"embeddable":true,"href":"https:\/\/shop.eternalyouth.ch\/fr\/wp-json\/wp\/v2\/comments?post=34354"}],"version-history":[{"count":1,"href":"https:\/\/shop.eternalyouth.ch\/fr\/wp-json\/wp\/v2\/pages\/34354\/revisions"}],"predecessor-version":[{"id":34356,"href":"https:\/\/shop.eternalyouth.ch\/fr\/wp-json\/wp\/v2\/pages\/34354\/revisions\/34356"}],"wp:attachment":[{"href":"https:\/\/shop.eternalyouth.ch\/fr\/wp-json\/wp\/v2\/media?parent=34354"}],"curies":[{"name":"wp","href":"https:\/\/api.w.org\/{rel}","templated":true}]}}